{"id":23255,"date":"2024-01-21T08:39:13","date_gmt":"2024-01-21T07:39:13","guid":{"rendered":"https:\/\/mpi.com.es\/?post_type=product&#038;p=23255"},"modified":"2025-12-19T13:50:28","modified_gmt":"2025-12-19T12:50:28","slug":"cabezal-toshiba-fv4t-200-dpi-7fm06507000","status":"publish","type":"product","link":"https:\/\/mpi.com.es\/en\/products\/cabezal-toshiba-fv4t-200-dpi-7fm06507000\/","title":{"rendered":"CABEZAL TOSHIBA FV4T 200 DPI"},"content":{"rendered":"","protected":false},"featured_media":23256,"template":"","meta":{"_acf_changed":false},"brand":[6579,6575],"family":[6578],"support":[],"technology":[40],"feature":[],"class_list":["post-23255","product","type-product","status-publish","has-post-thumbnail","hentry","brand-cabezales-tec","brand-toshiba-tec","family-cabezales-toshiba-tec","technology-impresion-termica"],"acf":[],"yoast_head":"<!-- This site is optimized with the Yoast SEO Premium plugin v26.5 (Yoast SEO v27.4) - https:\/\/yoast.com\/product\/yoast-seo-premium-wordpress\/ -->\n<title>CABEZAL TOSHIBA FV4T 200 DPI - REF: 7FM06507000<\/title>\n<meta name=\"description\" content=\"CABEZAL TOSHIBA FV4T 200 DPI REF: 7FM06507000 Distribuidor oficial impresoras Toshiba servicio t\u00e9cnico mantenimiento impresoras Toshiba Espa\u00f1a y Portugal\" \/>\n<meta name=\"robots\" content=\"index, follow, max-snippet:-1, max-image-preview:large, max-video-preview:-1\" \/>\n<link rel=\"canonical\" href=\"https:\/\/mpi.com.es\/en\/products\/cabezal-toshiba-fv4t-200-dpi\/\" \/>\n<meta property=\"og:locale\" content=\"en_US\" \/>\n<meta property=\"og:type\" content=\"article\" \/>\n<meta property=\"og:title\" content=\"CABEZAL TOSHIBA FV4T 200 DPI\" \/>\n<meta property=\"og:description\" content=\"CABEZAL TOSHIBA FV4T 200 DPI REF: 7FM06507000 Distribuidor oficial impresoras Toshiba servicio t\u00e9cnico mantenimiento impresoras Toshiba Espa\u00f1a y Portugal\" \/>\n<meta property=\"og:url\" content=\"https:\/\/mpi.com.es\/products\/cabezal-toshiba-fv4t-200-dpi\/\" \/>\n<meta property=\"og:site_name\" content=\"MPI Mantenimiento Perif\u00e9ricos Inform\u00e1ticos\" \/>\n<meta property=\"article:publisher\" content=\"https:\/\/www.facebook.com\/p\/Mantenimiento-Perifricos-Informticos-100069020438303\" \/>\n<meta property=\"article:modified_time\" content=\"2025-12-19T12:50:28+00:00\" \/>\n<meta property=\"og:image\" content=\"https:\/\/mpi.com.es\/wp-content\/uploads\/2024\/01\/CABEZAL-TOSHIBA-FV4T-200dpi-7FM06507000.jpg\" \/>\n\t<meta property=\"og:image:width\" content=\"254\" \/>\n\t<meta property=\"og:image:height\" content=\"283\" \/>\n\t<meta property=\"og:image:type\" content=\"image\/jpeg\" \/>\n<meta name=\"twitter:label1\" content=\"Est. reading time\" \/>\n\t<meta name=\"twitter:data1\" content=\"1 minute\" \/>\n<script type=\"application\/ld+json\" class=\"yoast-schema-graph\">{\"@context\":\"https:\\\/\\\/schema.org\",\"@graph\":[{\"@type\":\"WebPage\",\"@id\":\"https:\\\/\\\/mpi.com.es\\\/en\\\/products\\\/cabezal-toshiba-fv4t-200-dpi-7fm06507000\\\/\",\"url\":\"https:\\\/\\\/mpi.com.es\\\/products\\\/cabezal-toshiba-fv4t-200-dpi\\\/\",\"name\":\"CABEZAL TOSHIBA FV4T 200 DPI - REF: 7FM06507000\",\"isPartOf\":{\"@id\":\"https:\\\/\\\/mpi.com.es\\\/en\\\/#website\"},\"primaryImageOfPage\":{\"@id\":\"https:\\\/\\\/mpi.com.es\\\/products\\\/cabezal-toshiba-fv4t-200-dpi\\\/#primaryimage\"},\"image\":{\"@id\":\"https:\\\/\\\/mpi.com.es\\\/products\\\/cabezal-toshiba-fv4t-200-dpi\\\/#primaryimage\"},\"thumbnailUrl\":\"https:\\\/\\\/mpi.com.es\\\/wp-content\\\/uploads\\\/2024\\\/01\\\/CABEZAL-TOSHIBA-FV4T-200dpi-7FM06507000.jpg\",\"datePublished\":\"2024-01-21T07:39:13+00:00\",\"dateModified\":\"2025-12-19T12:50:28+00:00\",\"description\":\"CABEZAL TOSHIBA FV4T 200 DPI REF: 7FM06507000 Distribuidor oficial impresoras Toshiba servicio t\u00e9cnico mantenimiento impresoras Toshiba Espa\u00f1a y Portugal\",\"breadcrumb\":{\"@id\":\"https:\\\/\\\/mpi.com.es\\\/products\\\/cabezal-toshiba-fv4t-200-dpi\\\/#breadcrumb\"},\"inLanguage\":\"en-US\",\"potentialAction\":[{\"@type\":\"ReadAction\",\"target\":[\"https:\\\/\\\/mpi.com.es\\\/products\\\/cabezal-toshiba-fv4t-200-dpi\\\/\"]}]},{\"@type\":\"ImageObject\",\"inLanguage\":\"en-US\",\"@id\":\"https:\\\/\\\/mpi.com.es\\\/products\\\/cabezal-toshiba-fv4t-200-dpi\\\/#primaryimage\",\"url\":\"https:\\\/\\\/mpi.com.es\\\/wp-content\\\/uploads\\\/2024\\\/01\\\/CABEZAL-TOSHIBA-FV4T-200dpi-7FM06507000.jpg\",\"contentUrl\":\"https:\\\/\\\/mpi.com.es\\\/wp-content\\\/uploads\\\/2024\\\/01\\\/CABEZAL-TOSHIBA-FV4T-200dpi-7FM06507000.jpg\",\"width\":254,\"height\":283,\"caption\":\"CABEZAL-TOSHIBA-FV4T-200dpi-7FM06507000\"},{\"@type\":\"BreadcrumbList\",\"@id\":\"https:\\\/\\\/mpi.com.es\\\/products\\\/cabezal-toshiba-fv4t-200-dpi\\\/#breadcrumb\",\"itemListElement\":[{\"@type\":\"ListItem\",\"position\":1,\"name\":\"Portada\",\"item\":\"https:\\\/\\\/mpi.com.es\\\/en\\\/\"},{\"@type\":\"ListItem\",\"position\":2,\"name\":\"Products\",\"item\":\"https:\\\/\\\/mpi.com.es\\\/en\\\/products\\\/\"},{\"@type\":\"ListItem\",\"position\":3,\"name\":\"CABEZAL TOSHIBA FV4T 200 DPI\"}]},{\"@type\":\"WebSite\",\"@id\":\"https:\\\/\\\/mpi.com.es\\\/en\\\/#website\",\"url\":\"https:\\\/\\\/mpi.com.es\\\/en\\\/\",\"name\":\"MPI Mantenimiento Perif\u00e9ricos Inform\u00e1ticos\",\"description\":\"Impresoras Industriales, impresi\u00f3n,alto volumen, mantenimiento, mantenimiento impresoras\",\"publisher\":{\"@id\":\"https:\\\/\\\/mpi.com.es\\\/en\\\/#organization\"},\"potentialAction\":[{\"@type\":\"SearchAction\",\"target\":{\"@type\":\"EntryPoint\",\"urlTemplate\":\"https:\\\/\\\/mpi.com.es\\\/en\\\/?s={search_term_string}\"},\"query-input\":{\"@type\":\"PropertyValueSpecification\",\"valueRequired\":true,\"valueName\":\"search_term_string\"}}],\"inLanguage\":\"en-US\"},{\"@type\":\"Organization\",\"@id\":\"https:\\\/\\\/mpi.com.es\\\/en\\\/#organization\",\"name\":\"Mantenimiento Perif\u00e9ricos Inform\u00e1ticos\",\"url\":\"https:\\\/\\\/mpi.com.es\\\/en\\\/\",\"logo\":{\"@type\":\"ImageObject\",\"inLanguage\":\"en-US\",\"@id\":\"https:\\\/\\\/mpi.com.es\\\/en\\\/#\\\/schema\\\/logo\\\/image\\\/\",\"url\":\"https:\\\/\\\/mpi.com.es\\\/wp-content\\\/uploads\\\/2019\\\/07\\\/LOGONAMING-TRANSP.png\",\"contentUrl\":\"https:\\\/\\\/mpi.com.es\\\/wp-content\\\/uploads\\\/2019\\\/07\\\/LOGONAMING-TRANSP.png\",\"width\":1573,\"height\":431,\"caption\":\"Mantenimiento Perif\u00e9ricos Inform\u00e1ticos\"},\"image\":{\"@id\":\"https:\\\/\\\/mpi.com.es\\\/en\\\/#\\\/schema\\\/logo\\\/image\\\/\"},\"sameAs\":[\"https:\\\/\\\/www.facebook.com\\\/p\\\/Mantenimiento-Perifricos-Informticos-100069020438303\"]}]}<\/script>\n<!-- \/ Yoast SEO Premium plugin. -->","yoast_head_json":{"title":"CABEZAL TOSHIBA FV4T 200 DPI - REF: 7FM06507000","description":"CABEZAL TOSHIBA FV4T 200 DPI REF: 7FM06507000 Distribuidor oficial impresoras Toshiba servicio t\u00e9cnico mantenimiento impresoras Toshiba Espa\u00f1a y Portugal","robots":{"index":"index","follow":"follow","max-snippet":"max-snippet:-1","max-image-preview":"max-image-preview:large","max-video-preview":"max-video-preview:-1"},"canonical":"https:\/\/mpi.com.es\/en\/products\/cabezal-toshiba-fv4t-200-dpi\/","og_locale":"en_US","og_type":"article","og_title":"CABEZAL TOSHIBA FV4T 200 DPI","og_description":"CABEZAL TOSHIBA FV4T 200 DPI REF: 7FM06507000 Distribuidor oficial impresoras Toshiba servicio t\u00e9cnico mantenimiento impresoras Toshiba Espa\u00f1a y Portugal","og_url":"https:\/\/mpi.com.es\/products\/cabezal-toshiba-fv4t-200-dpi\/","og_site_name":"MPI Mantenimiento Perif\u00e9ricos Inform\u00e1ticos","article_publisher":"https:\/\/www.facebook.com\/p\/Mantenimiento-Perifricos-Informticos-100069020438303","article_modified_time":"2025-12-19T12:50:28+00:00","og_image":[{"width":254,"height":283,"url":"https:\/\/mpi.com.es\/wp-content\/uploads\/2024\/01\/CABEZAL-TOSHIBA-FV4T-200dpi-7FM06507000.jpg","type":"image\/jpeg"}],"twitter_misc":{"Est. reading time":"1 minute"},"schema":{"@context":"https:\/\/schema.org","@graph":[{"@type":"WebPage","@id":"https:\/\/mpi.com.es\/en\/products\/cabezal-toshiba-fv4t-200-dpi-7fm06507000\/","url":"https:\/\/mpi.com.es\/products\/cabezal-toshiba-fv4t-200-dpi\/","name":"CABEZAL TOSHIBA FV4T 200 DPI - REF: 7FM06507000","isPartOf":{"@id":"https:\/\/mpi.com.es\/en\/#website"},"primaryImageOfPage":{"@id":"https:\/\/mpi.com.es\/products\/cabezal-toshiba-fv4t-200-dpi\/#primaryimage"},"image":{"@id":"https:\/\/mpi.com.es\/products\/cabezal-toshiba-fv4t-200-dpi\/#primaryimage"},"thumbnailUrl":"https:\/\/mpi.com.es\/wp-content\/uploads\/2024\/01\/CABEZAL-TOSHIBA-FV4T-200dpi-7FM06507000.jpg","datePublished":"2024-01-21T07:39:13+00:00","dateModified":"2025-12-19T12:50:28+00:00","description":"CABEZAL TOSHIBA FV4T 200 DPI REF: 7FM06507000 Distribuidor oficial impresoras Toshiba servicio t\u00e9cnico mantenimiento impresoras Toshiba Espa\u00f1a y Portugal","breadcrumb":{"@id":"https:\/\/mpi.com.es\/products\/cabezal-toshiba-fv4t-200-dpi\/#breadcrumb"},"inLanguage":"en-US","potentialAction":[{"@type":"ReadAction","target":["https:\/\/mpi.com.es\/products\/cabezal-toshiba-fv4t-200-dpi\/"]}]},{"@type":"ImageObject","inLanguage":"en-US","@id":"https:\/\/mpi.com.es\/products\/cabezal-toshiba-fv4t-200-dpi\/#primaryimage","url":"https:\/\/mpi.com.es\/wp-content\/uploads\/2024\/01\/CABEZAL-TOSHIBA-FV4T-200dpi-7FM06507000.jpg","contentUrl":"https:\/\/mpi.com.es\/wp-content\/uploads\/2024\/01\/CABEZAL-TOSHIBA-FV4T-200dpi-7FM06507000.jpg","width":254,"height":283,"caption":"CABEZAL-TOSHIBA-FV4T-200dpi-7FM06507000"},{"@type":"BreadcrumbList","@id":"https:\/\/mpi.com.es\/products\/cabezal-toshiba-fv4t-200-dpi\/#breadcrumb","itemListElement":[{"@type":"ListItem","position":1,"name":"Portada","item":"https:\/\/mpi.com.es\/en\/"},{"@type":"ListItem","position":2,"name":"Products","item":"https:\/\/mpi.com.es\/en\/products\/"},{"@type":"ListItem","position":3,"name":"CABEZAL TOSHIBA FV4T 200 DPI"}]},{"@type":"WebSite","@id":"https:\/\/mpi.com.es\/en\/#website","url":"https:\/\/mpi.com.es\/en\/","name":"MPI Mantenimiento Perif\u00e9ricos Inform\u00e1ticos","description":"Impresoras Industriales, impresi\u00f3n,alto volumen, mantenimiento, mantenimiento impresoras","publisher":{"@id":"https:\/\/mpi.com.es\/en\/#organization"},"potentialAction":[{"@type":"SearchAction","target":{"@type":"EntryPoint","urlTemplate":"https:\/\/mpi.com.es\/en\/?s={search_term_string}"},"query-input":{"@type":"PropertyValueSpecification","valueRequired":true,"valueName":"search_term_string"}}],"inLanguage":"en-US"},{"@type":"Organization","@id":"https:\/\/mpi.com.es\/en\/#organization","name":"Mantenimiento Perif\u00e9ricos Inform\u00e1ticos","url":"https:\/\/mpi.com.es\/en\/","logo":{"@type":"ImageObject","inLanguage":"en-US","@id":"https:\/\/mpi.com.es\/en\/#\/schema\/logo\/image\/","url":"https:\/\/mpi.com.es\/wp-content\/uploads\/2019\/07\/LOGONAMING-TRANSP.png","contentUrl":"https:\/\/mpi.com.es\/wp-content\/uploads\/2019\/07\/LOGONAMING-TRANSP.png","width":1573,"height":431,"caption":"Mantenimiento Perif\u00e9ricos Inform\u00e1ticos"},"image":{"@id":"https:\/\/mpi.com.es\/en\/#\/schema\/logo\/image\/"},"sameAs":["https:\/\/www.facebook.com\/p\/Mantenimiento-Perifricos-Informticos-100069020438303"]}]}},"_links":{"self":[{"href":"https:\/\/mpi.com.es\/en\/wp-json\/wp\/v2\/product\/23255","targetHints":{"allow":["GET"]}}],"collection":[{"href":"https:\/\/mpi.com.es\/en\/wp-json\/wp\/v2\/product"}],"about":[{"href":"https:\/\/mpi.com.es\/en\/wp-json\/wp\/v2\/types\/product"}],"wp:featuredmedia":[{"embeddable":true,"href":"https:\/\/mpi.com.es\/en\/wp-json\/wp\/v2\/media\/23256"}],"wp:attachment":[{"href":"https:\/\/mpi.com.es\/en\/wp-json\/wp\/v2\/media?parent=23255"}],"wp:term":[{"taxonomy":"brand","embeddable":true,"href":"https:\/\/mpi.com.es\/en\/wp-json\/wp\/v2\/brand?post=23255"},{"taxonomy":"family","embeddable":true,"href":"https:\/\/mpi.com.es\/en\/wp-json\/wp\/v2\/family?post=23255"},{"taxonomy":"support","embeddable":true,"href":"https:\/\/mpi.com.es\/en\/wp-json\/wp\/v2\/support?post=23255"},{"taxonomy":"technology","embeddable":true,"href":"https:\/\/mpi.com.es\/en\/wp-json\/wp\/v2\/technology?post=23255"},{"taxonomy":"feature","embeddable":true,"href":"https:\/\/mpi.com.es\/en\/wp-json\/wp\/v2\/feature?post=23255"}],"curies":[{"name":"wp","href":"https:\/\/api.w.org\/{rel}","templated":true}]}}