{"id":14864,"date":"2020-05-10T14:44:38","date_gmt":"2020-05-10T12:44:38","guid":{"rendered":"https:\/\/mpi.com.es\/?post_type=product&#038;p=14864"},"modified":"2021-06-20T09:29:55","modified_gmt":"2021-06-20T07:29:55","slug":"vipcolor-vp650","status":"publish","type":"product","link":"https:\/\/mpi.com.es\/en\/products\/vipcolor-vp650\/","title":{"rendered":"Vipcolor VP650"},"content":{"rendered":"","protected":false},"featured_media":14865,"template":"","meta":{"_acf_changed":false},"brand":[23],"family":[142],"support":[50],"technology":[48],"feature":[117],"class_list":["post-14864","product","type-product","status-publish","has-post-thumbnail","hentry","brand-vipcolor","family-etiquetas-a-color","support-papel-continuo-bobina","technology-inkjet","feature-ancho-de-impresion-85-pulgadas-215-9-mm"],"acf":[],"yoast_head":"<!-- This site is optimized with the Yoast SEO Premium plugin v26.5 (Yoast SEO v27.4) - https:\/\/yoast.com\/product\/yoast-seo-premium-wordpress\/ -->\n<title>Vipcolor VP650 - MPI Mantenimiento Perif\u00e9ricos Inform\u00e1ticos<\/title>\n<meta name=\"description\" content=\"Vipcolor VP650 NUEVA Etiquetadora industrial de Vipcolor con tintas resistentes al agua y otros solventes hasta 12 m\/min alta calidad y tecnolog\u00eda memjet\" \/>\n<meta name=\"robots\" content=\"index, follow, max-snippet:-1, max-image-preview:large, max-video-preview:-1\" \/>\n<link rel=\"canonical\" href=\"https:\/\/mpi.com.es\/en\/products\/vipcolor-vp650\/\" \/>\n<meta property=\"og:locale\" content=\"en_US\" \/>\n<meta property=\"og:type\" content=\"article\" \/>\n<meta property=\"og:title\" content=\"Vipcolor VP650\" \/>\n<meta property=\"og:description\" content=\"Vipcolor VP650 NUEVA Etiquetadora industrial de Vipcolor con tintas resistentes al agua y otros solventes hasta 12 m\/min alta calidad y tecnolog\u00eda memjet\" \/>\n<meta property=\"og:url\" content=\"https:\/\/mpi.com.es\/en\/products\/vipcolor-vp650\/\" \/>\n<meta property=\"og:site_name\" content=\"MPI Mantenimiento Perif\u00e9ricos Inform\u00e1ticos\" \/>\n<meta property=\"article:publisher\" content=\"https:\/\/www.facebook.com\/p\/Mantenimiento-Perifricos-Informticos-100069020438303\" \/>\n<meta property=\"article:modified_time\" content=\"2021-06-20T07:29:55+00:00\" \/>\n<meta property=\"og:image\" content=\"https:\/\/mpi.com.es\/wp-content\/uploads\/2020\/05\/NUEVA-VIPCOLOR-VP650-TINTAS-AGUA.png\" \/>\n\t<meta property=\"og:image:width\" content=\"253\" \/>\n\t<meta property=\"og:image:height\" content=\"280\" \/>\n\t<meta property=\"og:image:type\" content=\"image\/png\" \/>\n<script type=\"application\/ld+json\" class=\"yoast-schema-graph\">{\"@context\":\"https:\\\/\\\/schema.org\",\"@graph\":[{\"@type\":\"WebPage\",\"@id\":\"https:\\\/\\\/mpi.com.es\\\/en\\\/products\\\/vipcolor-vp650\\\/\",\"url\":\"https:\\\/\\\/mpi.com.es\\\/en\\\/products\\\/vipcolor-vp650\\\/\",\"name\":\"Vipcolor VP650 - MPI Mantenimiento Perif\u00e9ricos Inform\u00e1ticos\",\"isPartOf\":{\"@id\":\"https:\\\/\\\/mpi.com.es\\\/en\\\/#website\"},\"primaryImageOfPage\":{\"@id\":\"https:\\\/\\\/mpi.com.es\\\/en\\\/products\\\/vipcolor-vp650\\\/#primaryimage\"},\"image\":{\"@id\":\"https:\\\/\\\/mpi.com.es\\\/en\\\/products\\\/vipcolor-vp650\\\/#primaryimage\"},\"thumbnailUrl\":\"https:\\\/\\\/mpi.com.es\\\/wp-content\\\/uploads\\\/2020\\\/05\\\/NUEVA-VIPCOLOR-VP650-TINTAS-AGUA.png\",\"datePublished\":\"2020-05-10T12:44:38+00:00\",\"dateModified\":\"2021-06-20T07:29:55+00:00\",\"description\":\"Vipcolor VP650 NUEVA Etiquetadora industrial de Vipcolor con tintas resistentes al agua y otros solventes hasta 12 m\\\/min alta calidad y tecnolog\u00eda memjet\",\"breadcrumb\":{\"@id\":\"https:\\\/\\\/mpi.com.es\\\/en\\\/products\\\/vipcolor-vp650\\\/#breadcrumb\"},\"inLanguage\":\"en-US\",\"potentialAction\":[{\"@type\":\"ReadAction\",\"target\":[\"https:\\\/\\\/mpi.com.es\\\/en\\\/products\\\/vipcolor-vp650\\\/\"]}]},{\"@type\":\"ImageObject\",\"inLanguage\":\"en-US\",\"@id\":\"https:\\\/\\\/mpi.com.es\\\/en\\\/products\\\/vipcolor-vp650\\\/#primaryimage\",\"url\":\"https:\\\/\\\/mpi.com.es\\\/wp-content\\\/uploads\\\/2020\\\/05\\\/NUEVA-VIPCOLOR-VP650-TINTAS-AGUA.png\",\"contentUrl\":\"https:\\\/\\\/mpi.com.es\\\/wp-content\\\/uploads\\\/2020\\\/05\\\/NUEVA-VIPCOLOR-VP650-TINTAS-AGUA.png\",\"width\":253,\"height\":280,\"caption\":\"VIPCOLOR_VP650\"},{\"@type\":\"BreadcrumbList\",\"@id\":\"https:\\\/\\\/mpi.com.es\\\/en\\\/products\\\/vipcolor-vp650\\\/#breadcrumb\",\"itemListElement\":[{\"@type\":\"ListItem\",\"position\":1,\"name\":\"Portada\",\"item\":\"https:\\\/\\\/mpi.com.es\\\/en\\\/\"},{\"@type\":\"ListItem\",\"position\":2,\"name\":\"Products\",\"item\":\"https:\\\/\\\/mpi.com.es\\\/en\\\/products\\\/\"},{\"@type\":\"ListItem\",\"position\":3,\"name\":\"Vipcolor VP650\"}]},{\"@type\":\"WebSite\",\"@id\":\"https:\\\/\\\/mpi.com.es\\\/en\\\/#website\",\"url\":\"https:\\\/\\\/mpi.com.es\\\/en\\\/\",\"name\":\"MPI Mantenimiento Perif\u00e9ricos Inform\u00e1ticos\",\"description\":\"Impresoras Industriales, impresi\u00f3n,alto volumen, mantenimiento, mantenimiento impresoras\",\"publisher\":{\"@id\":\"https:\\\/\\\/mpi.com.es\\\/en\\\/#organization\"},\"potentialAction\":[{\"@type\":\"SearchAction\",\"target\":{\"@type\":\"EntryPoint\",\"urlTemplate\":\"https:\\\/\\\/mpi.com.es\\\/en\\\/?s={search_term_string}\"},\"query-input\":{\"@type\":\"PropertyValueSpecification\",\"valueRequired\":true,\"valueName\":\"search_term_string\"}}],\"inLanguage\":\"en-US\"},{\"@type\":\"Organization\",\"@id\":\"https:\\\/\\\/mpi.com.es\\\/en\\\/#organization\",\"name\":\"Mantenimiento Perif\u00e9ricos Inform\u00e1ticos\",\"url\":\"https:\\\/\\\/mpi.com.es\\\/en\\\/\",\"logo\":{\"@type\":\"ImageObject\",\"inLanguage\":\"en-US\",\"@id\":\"https:\\\/\\\/mpi.com.es\\\/en\\\/#\\\/schema\\\/logo\\\/image\\\/\",\"url\":\"https:\\\/\\\/mpi.com.es\\\/wp-content\\\/uploads\\\/2019\\\/07\\\/LOGONAMING-TRANSP.png\",\"contentUrl\":\"https:\\\/\\\/mpi.com.es\\\/wp-content\\\/uploads\\\/2019\\\/07\\\/LOGONAMING-TRANSP.png\",\"width\":1573,\"height\":431,\"caption\":\"Mantenimiento Perif\u00e9ricos Inform\u00e1ticos\"},\"image\":{\"@id\":\"https:\\\/\\\/mpi.com.es\\\/en\\\/#\\\/schema\\\/logo\\\/image\\\/\"},\"sameAs\":[\"https:\\\/\\\/www.facebook.com\\\/p\\\/Mantenimiento-Perifricos-Informticos-100069020438303\"]}]}<\/script>\n<!-- \/ Yoast SEO Premium plugin. -->","yoast_head_json":{"title":"Vipcolor VP650 - MPI Mantenimiento Perif\u00e9ricos Inform\u00e1ticos","description":"Vipcolor VP650 NUEVA Etiquetadora industrial de Vipcolor con tintas resistentes al agua y otros solventes hasta 12 m\/min alta calidad y tecnolog\u00eda memjet","robots":{"index":"index","follow":"follow","max-snippet":"max-snippet:-1","max-image-preview":"max-image-preview:large","max-video-preview":"max-video-preview:-1"},"canonical":"https:\/\/mpi.com.es\/en\/products\/vipcolor-vp650\/","og_locale":"en_US","og_type":"article","og_title":"Vipcolor VP650","og_description":"Vipcolor VP650 NUEVA Etiquetadora industrial de Vipcolor con tintas resistentes al agua y otros solventes hasta 12 m\/min alta calidad y tecnolog\u00eda memjet","og_url":"https:\/\/mpi.com.es\/en\/products\/vipcolor-vp650\/","og_site_name":"MPI Mantenimiento Perif\u00e9ricos Inform\u00e1ticos","article_publisher":"https:\/\/www.facebook.com\/p\/Mantenimiento-Perifricos-Informticos-100069020438303","article_modified_time":"2021-06-20T07:29:55+00:00","og_image":[{"width":253,"height":280,"url":"https:\/\/mpi.com.es\/wp-content\/uploads\/2020\/05\/NUEVA-VIPCOLOR-VP650-TINTAS-AGUA.png","type":"image\/png"}],"schema":{"@context":"https:\/\/schema.org","@graph":[{"@type":"WebPage","@id":"https:\/\/mpi.com.es\/en\/products\/vipcolor-vp650\/","url":"https:\/\/mpi.com.es\/en\/products\/vipcolor-vp650\/","name":"Vipcolor VP650 - MPI Mantenimiento Perif\u00e9ricos Inform\u00e1ticos","isPartOf":{"@id":"https:\/\/mpi.com.es\/en\/#website"},"primaryImageOfPage":{"@id":"https:\/\/mpi.com.es\/en\/products\/vipcolor-vp650\/#primaryimage"},"image":{"@id":"https:\/\/mpi.com.es\/en\/products\/vipcolor-vp650\/#primaryimage"},"thumbnailUrl":"https:\/\/mpi.com.es\/wp-content\/uploads\/2020\/05\/NUEVA-VIPCOLOR-VP650-TINTAS-AGUA.png","datePublished":"2020-05-10T12:44:38+00:00","dateModified":"2021-06-20T07:29:55+00:00","description":"Vipcolor VP650 NUEVA Etiquetadora industrial de Vipcolor con tintas resistentes al agua y otros solventes hasta 12 m\/min alta calidad y tecnolog\u00eda memjet","breadcrumb":{"@id":"https:\/\/mpi.com.es\/en\/products\/vipcolor-vp650\/#breadcrumb"},"inLanguage":"en-US","potentialAction":[{"@type":"ReadAction","target":["https:\/\/mpi.com.es\/en\/products\/vipcolor-vp650\/"]}]},{"@type":"ImageObject","inLanguage":"en-US","@id":"https:\/\/mpi.com.es\/en\/products\/vipcolor-vp650\/#primaryimage","url":"https:\/\/mpi.com.es\/wp-content\/uploads\/2020\/05\/NUEVA-VIPCOLOR-VP650-TINTAS-AGUA.png","contentUrl":"https:\/\/mpi.com.es\/wp-content\/uploads\/2020\/05\/NUEVA-VIPCOLOR-VP650-TINTAS-AGUA.png","width":253,"height":280,"caption":"VIPCOLOR_VP650"},{"@type":"BreadcrumbList","@id":"https:\/\/mpi.com.es\/en\/products\/vipcolor-vp650\/#breadcrumb","itemListElement":[{"@type":"ListItem","position":1,"name":"Portada","item":"https:\/\/mpi.com.es\/en\/"},{"@type":"ListItem","position":2,"name":"Products","item":"https:\/\/mpi.com.es\/en\/products\/"},{"@type":"ListItem","position":3,"name":"Vipcolor VP650"}]},{"@type":"WebSite","@id":"https:\/\/mpi.com.es\/en\/#website","url":"https:\/\/mpi.com.es\/en\/","name":"MPI Mantenimiento Perif\u00e9ricos Inform\u00e1ticos","description":"Impresoras Industriales, impresi\u00f3n,alto volumen, mantenimiento, mantenimiento impresoras","publisher":{"@id":"https:\/\/mpi.com.es\/en\/#organization"},"potentialAction":[{"@type":"SearchAction","target":{"@type":"EntryPoint","urlTemplate":"https:\/\/mpi.com.es\/en\/?s={search_term_string}"},"query-input":{"@type":"PropertyValueSpecification","valueRequired":true,"valueName":"search_term_string"}}],"inLanguage":"en-US"},{"@type":"Organization","@id":"https:\/\/mpi.com.es\/en\/#organization","name":"Mantenimiento Perif\u00e9ricos Inform\u00e1ticos","url":"https:\/\/mpi.com.es\/en\/","logo":{"@type":"ImageObject","inLanguage":"en-US","@id":"https:\/\/mpi.com.es\/en\/#\/schema\/logo\/image\/","url":"https:\/\/mpi.com.es\/wp-content\/uploads\/2019\/07\/LOGONAMING-TRANSP.png","contentUrl":"https:\/\/mpi.com.es\/wp-content\/uploads\/2019\/07\/LOGONAMING-TRANSP.png","width":1573,"height":431,"caption":"Mantenimiento Perif\u00e9ricos Inform\u00e1ticos"},"image":{"@id":"https:\/\/mpi.com.es\/en\/#\/schema\/logo\/image\/"},"sameAs":["https:\/\/www.facebook.com\/p\/Mantenimiento-Perifricos-Informticos-100069020438303"]}]}},"_links":{"self":[{"href":"https:\/\/mpi.com.es\/en\/wp-json\/wp\/v2\/product\/14864","targetHints":{"allow":["GET"]}}],"collection":[{"href":"https:\/\/mpi.com.es\/en\/wp-json\/wp\/v2\/product"}],"about":[{"href":"https:\/\/mpi.com.es\/en\/wp-json\/wp\/v2\/types\/product"}],"wp:featuredmedia":[{"embeddable":true,"href":"https:\/\/mpi.com.es\/en\/wp-json\/wp\/v2\/media\/14865"}],"wp:attachment":[{"href":"https:\/\/mpi.com.es\/en\/wp-json\/wp\/v2\/media?parent=14864"}],"wp:term":[{"taxonomy":"brand","embeddable":true,"href":"https:\/\/mpi.com.es\/en\/wp-json\/wp\/v2\/brand?post=14864"},{"taxonomy":"family","embeddable":true,"href":"https:\/\/mpi.com.es\/en\/wp-json\/wp\/v2\/family?post=14864"},{"taxonomy":"support","embeddable":true,"href":"https:\/\/mpi.com.es\/en\/wp-json\/wp\/v2\/support?post=14864"},{"taxonomy":"technology","embeddable":true,"href":"https:\/\/mpi.com.es\/en\/wp-json\/wp\/v2\/technology?post=14864"},{"taxonomy":"feature","embeddable":true,"href":"https:\/\/mpi.com.es\/en\/wp-json\/wp\/v2\/feature?post=14864"}],"curies":[{"name":"wp","href":"https:\/\/api.w.org\/{rel}","templated":true}]}}