{"id":14413,"date":"2020-03-08T08:12:25","date_gmt":"2020-03-08T07:12:25","guid":{"rendered":"https:\/\/mpi.com.es\/?post_type=product&#038;p=14413"},"modified":"2020-03-08T10:01:57","modified_gmt":"2020-03-08T09:01:57","slug":"pj700","status":"publish","type":"product","link":"https:\/\/mpi.com.es\/en\/products\/pj700\/","title":{"rendered":"PJ700"},"content":{"rendered":"","protected":false},"featured_media":14432,"template":"","meta":{"_acf_changed":false},"brand":[6799],"family":[6798,174],"support":[50,49],"technology":[40],"feature":[153],"class_list":["post-14413","product","type-product","status-publish","has-post-thumbnail","hentry","brand-brother","family-impresoras-moviles","family-impresoras-portatil","support-papel-continuo-bobina","support-papel-suelto","technology-impresion-termica","feature-ancho-de-impresion-a4"],"acf":[],"yoast_head":"<!-- This site is optimized with the Yoast SEO Premium plugin v27.5 (Yoast SEO v27.5) - https:\/\/yoast.com\/product\/yoast-seo-premium-wordpress\/ -->\n<title>PJ700 - Impresora t\u00e9rmica portatil A4 ultraligera wifi y bluetooth<\/title>\n<meta name=\"description\" content=\"PJ700 impresora portatil A4 8 p\u00e1g \/ minuto Resoluci\u00f3n 300ppp Impresi\u00f3n hoja a hoja, rollo de papel o rollo precortado USB y WiFi Accesorios para vehiculos\" \/>\n<meta name=\"robots\" content=\"index, follow, max-snippet:-1, max-image-preview:large, max-video-preview:-1\" \/>\n<link rel=\"canonical\" href=\"https:\/\/mpi.com.es\/en\/products\/pj700\/\" \/>\n<meta property=\"og:locale\" content=\"en_US\" \/>\n<meta property=\"og:type\" content=\"article\" \/>\n<meta property=\"og:title\" content=\"PJ700\" \/>\n<meta property=\"og:description\" content=\"PJ700 impresora portatil A4 8 p\u00e1g \/ minuto Resoluci\u00f3n 300ppp Impresi\u00f3n hoja a hoja, rollo de papel o rollo precortado USB y WiFi Accesorios para vehiculos\" \/>\n<meta property=\"og:url\" content=\"https:\/\/mpi.com.es\/en\/products\/pj700\/\" \/>\n<meta property=\"og:site_name\" content=\"MPI Mantenimiento Perif\u00e9ricos Inform\u00e1ticos\" \/>\n<meta property=\"article:publisher\" content=\"https:\/\/www.facebook.com\/p\/Mantenimiento-Perifricos-Informticos-100069020438303\" \/>\n<meta property=\"article:modified_time\" content=\"2020-03-08T09:01:57+00:00\" \/>\n<meta property=\"og:image\" content=\"https:\/\/mpi.com.es\/wp-content\/uploads\/2020\/03\/IMPRESORA-PORTATIL-Brother-PJ700.jpg\" \/>\n\t<meta property=\"og:image:width\" content=\"252\" \/>\n\t<meta property=\"og:image:height\" content=\"280\" \/>\n\t<meta property=\"og:image:type\" content=\"image\/jpeg\" \/>\n<script type=\"application\/ld+json\" class=\"yoast-schema-graph\">{\"@context\":\"https:\\\/\\\/schema.org\",\"@graph\":[{\"@type\":\"WebPage\",\"@id\":\"https:\\\/\\\/mpi.com.es\\\/en\\\/products\\\/pj700\\\/\",\"url\":\"https:\\\/\\\/mpi.com.es\\\/en\\\/products\\\/pj700\\\/\",\"name\":\"PJ700 - Impresora t\u00e9rmica portatil A4 ultraligera wifi y bluetooth\",\"isPartOf\":{\"@id\":\"https:\\\/\\\/mpi.com.es\\\/en\\\/#website\"},\"primaryImageOfPage\":{\"@id\":\"https:\\\/\\\/mpi.com.es\\\/en\\\/products\\\/pj700\\\/#primaryimage\"},\"image\":{\"@id\":\"https:\\\/\\\/mpi.com.es\\\/en\\\/products\\\/pj700\\\/#primaryimage\"},\"thumbnailUrl\":\"https:\\\/\\\/mpi.com.es\\\/wp-content\\\/uploads\\\/2020\\\/03\\\/IMPRESORA-PORTATIL-Brother-PJ700.jpg\",\"datePublished\":\"2020-03-08T07:12:25+00:00\",\"dateModified\":\"2020-03-08T09:01:57+00:00\",\"description\":\"PJ700 impresora portatil A4 8 p\u00e1g \\\/ minuto Resoluci\u00f3n 300ppp Impresi\u00f3n hoja a hoja, rollo de papel o rollo precortado USB y WiFi Accesorios para vehiculos\",\"breadcrumb\":{\"@id\":\"https:\\\/\\\/mpi.com.es\\\/en\\\/products\\\/pj700\\\/#breadcrumb\"},\"inLanguage\":\"en-US\",\"potentialAction\":[{\"@type\":\"ReadAction\",\"target\":[\"https:\\\/\\\/mpi.com.es\\\/en\\\/products\\\/pj700\\\/\"]}]},{\"@type\":\"ImageObject\",\"inLanguage\":\"en-US\",\"@id\":\"https:\\\/\\\/mpi.com.es\\\/en\\\/products\\\/pj700\\\/#primaryimage\",\"url\":\"https:\\\/\\\/mpi.com.es\\\/wp-content\\\/uploads\\\/2020\\\/03\\\/IMPRESORA-PORTATIL-Brother-PJ700.jpg\",\"contentUrl\":\"https:\\\/\\\/mpi.com.es\\\/wp-content\\\/uploads\\\/2020\\\/03\\\/IMPRESORA-PORTATIL-Brother-PJ700.jpg\",\"width\":252,\"height\":280},{\"@type\":\"BreadcrumbList\",\"@id\":\"https:\\\/\\\/mpi.com.es\\\/en\\\/products\\\/pj700\\\/#breadcrumb\",\"itemListElement\":[{\"@type\":\"ListItem\",\"position\":1,\"name\":\"Portada\",\"item\":\"https:\\\/\\\/mpi.com.es\\\/en\\\/\"},{\"@type\":\"ListItem\",\"position\":2,\"name\":\"Products\",\"item\":\"https:\\\/\\\/mpi.com.es\\\/en\\\/products\\\/\"},{\"@type\":\"ListItem\",\"position\":3,\"name\":\"PJ700\"}]},{\"@type\":\"WebSite\",\"@id\":\"https:\\\/\\\/mpi.com.es\\\/en\\\/#website\",\"url\":\"https:\\\/\\\/mpi.com.es\\\/en\\\/\",\"name\":\"MPI Mantenimiento Perif\u00e9ricos Inform\u00e1ticos\",\"description\":\"Impresoras Industriales, impresi\u00f3n,alto volumen, mantenimiento, mantenimiento impresoras\",\"publisher\":{\"@id\":\"https:\\\/\\\/mpi.com.es\\\/en\\\/#organization\"},\"potentialAction\":[{\"@type\":\"SearchAction\",\"target\":{\"@type\":\"EntryPoint\",\"urlTemplate\":\"https:\\\/\\\/mpi.com.es\\\/en\\\/?s={search_term_string}\"},\"query-input\":{\"@type\":\"PropertyValueSpecification\",\"valueRequired\":true,\"valueName\":\"search_term_string\"}}],\"inLanguage\":\"en-US\"},{\"@type\":\"Organization\",\"@id\":\"https:\\\/\\\/mpi.com.es\\\/en\\\/#organization\",\"name\":\"Mantenimiento Perif\u00e9ricos Inform\u00e1ticos\",\"url\":\"https:\\\/\\\/mpi.com.es\\\/en\\\/\",\"logo\":{\"@type\":\"ImageObject\",\"inLanguage\":\"en-US\",\"@id\":\"https:\\\/\\\/mpi.com.es\\\/en\\\/#\\\/schema\\\/logo\\\/image\\\/\",\"url\":\"https:\\\/\\\/mpi.com.es\\\/wp-content\\\/uploads\\\/2019\\\/07\\\/LOGONAMING-TRANSP.png\",\"contentUrl\":\"https:\\\/\\\/mpi.com.es\\\/wp-content\\\/uploads\\\/2019\\\/07\\\/LOGONAMING-TRANSP.png\",\"width\":1573,\"height\":431,\"caption\":\"Mantenimiento Perif\u00e9ricos Inform\u00e1ticos\"},\"image\":{\"@id\":\"https:\\\/\\\/mpi.com.es\\\/en\\\/#\\\/schema\\\/logo\\\/image\\\/\"},\"sameAs\":[\"https:\\\/\\\/www.facebook.com\\\/p\\\/Mantenimiento-Perifricos-Informticos-100069020438303\"]}]}<\/script>\n<!-- \/ Yoast SEO Premium plugin. -->","yoast_head_json":{"title":"PJ700 - Impresora t\u00e9rmica portatil A4 ultraligera wifi y bluetooth","description":"PJ700 impresora portatil A4 8 p\u00e1g \/ minuto Resoluci\u00f3n 300ppp Impresi\u00f3n hoja a hoja, rollo de papel o rollo precortado USB y WiFi Accesorios para vehiculos","robots":{"index":"index","follow":"follow","max-snippet":"max-snippet:-1","max-image-preview":"max-image-preview:large","max-video-preview":"max-video-preview:-1"},"canonical":"https:\/\/mpi.com.es\/en\/products\/pj700\/","og_locale":"en_US","og_type":"article","og_title":"PJ700","og_description":"PJ700 impresora portatil A4 8 p\u00e1g \/ minuto Resoluci\u00f3n 300ppp Impresi\u00f3n hoja a hoja, rollo de papel o rollo precortado USB y WiFi Accesorios para vehiculos","og_url":"https:\/\/mpi.com.es\/en\/products\/pj700\/","og_site_name":"MPI Mantenimiento Perif\u00e9ricos Inform\u00e1ticos","article_publisher":"https:\/\/www.facebook.com\/p\/Mantenimiento-Perifricos-Informticos-100069020438303","article_modified_time":"2020-03-08T09:01:57+00:00","og_image":[{"width":252,"height":280,"url":"https:\/\/mpi.com.es\/wp-content\/uploads\/2020\/03\/IMPRESORA-PORTATIL-Brother-PJ700.jpg","type":"image\/jpeg"}],"schema":{"@context":"https:\/\/schema.org","@graph":[{"@type":"WebPage","@id":"https:\/\/mpi.com.es\/en\/products\/pj700\/","url":"https:\/\/mpi.com.es\/en\/products\/pj700\/","name":"PJ700 - Impresora t\u00e9rmica portatil A4 ultraligera wifi y bluetooth","isPartOf":{"@id":"https:\/\/mpi.com.es\/en\/#website"},"primaryImageOfPage":{"@id":"https:\/\/mpi.com.es\/en\/products\/pj700\/#primaryimage"},"image":{"@id":"https:\/\/mpi.com.es\/en\/products\/pj700\/#primaryimage"},"thumbnailUrl":"https:\/\/mpi.com.es\/wp-content\/uploads\/2020\/03\/IMPRESORA-PORTATIL-Brother-PJ700.jpg","datePublished":"2020-03-08T07:12:25+00:00","dateModified":"2020-03-08T09:01:57+00:00","description":"PJ700 impresora portatil A4 8 p\u00e1g \/ minuto Resoluci\u00f3n 300ppp Impresi\u00f3n hoja a hoja, rollo de papel o rollo precortado USB y WiFi Accesorios para vehiculos","breadcrumb":{"@id":"https:\/\/mpi.com.es\/en\/products\/pj700\/#breadcrumb"},"inLanguage":"en-US","potentialAction":[{"@type":"ReadAction","target":["https:\/\/mpi.com.es\/en\/products\/pj700\/"]}]},{"@type":"ImageObject","inLanguage":"en-US","@id":"https:\/\/mpi.com.es\/en\/products\/pj700\/#primaryimage","url":"https:\/\/mpi.com.es\/wp-content\/uploads\/2020\/03\/IMPRESORA-PORTATIL-Brother-PJ700.jpg","contentUrl":"https:\/\/mpi.com.es\/wp-content\/uploads\/2020\/03\/IMPRESORA-PORTATIL-Brother-PJ700.jpg","width":252,"height":280},{"@type":"BreadcrumbList","@id":"https:\/\/mpi.com.es\/en\/products\/pj700\/#breadcrumb","itemListElement":[{"@type":"ListItem","position":1,"name":"Portada","item":"https:\/\/mpi.com.es\/en\/"},{"@type":"ListItem","position":2,"name":"Products","item":"https:\/\/mpi.com.es\/en\/products\/"},{"@type":"ListItem","position":3,"name":"PJ700"}]},{"@type":"WebSite","@id":"https:\/\/mpi.com.es\/en\/#website","url":"https:\/\/mpi.com.es\/en\/","name":"MPI Mantenimiento Perif\u00e9ricos Inform\u00e1ticos","description":"Impresoras Industriales, impresi\u00f3n,alto volumen, mantenimiento, mantenimiento impresoras","publisher":{"@id":"https:\/\/mpi.com.es\/en\/#organization"},"potentialAction":[{"@type":"SearchAction","target":{"@type":"EntryPoint","urlTemplate":"https:\/\/mpi.com.es\/en\/?s={search_term_string}"},"query-input":{"@type":"PropertyValueSpecification","valueRequired":true,"valueName":"search_term_string"}}],"inLanguage":"en-US"},{"@type":"Organization","@id":"https:\/\/mpi.com.es\/en\/#organization","name":"Mantenimiento Perif\u00e9ricos Inform\u00e1ticos","url":"https:\/\/mpi.com.es\/en\/","logo":{"@type":"ImageObject","inLanguage":"en-US","@id":"https:\/\/mpi.com.es\/en\/#\/schema\/logo\/image\/","url":"https:\/\/mpi.com.es\/wp-content\/uploads\/2019\/07\/LOGONAMING-TRANSP.png","contentUrl":"https:\/\/mpi.com.es\/wp-content\/uploads\/2019\/07\/LOGONAMING-TRANSP.png","width":1573,"height":431,"caption":"Mantenimiento Perif\u00e9ricos Inform\u00e1ticos"},"image":{"@id":"https:\/\/mpi.com.es\/en\/#\/schema\/logo\/image\/"},"sameAs":["https:\/\/www.facebook.com\/p\/Mantenimiento-Perifricos-Informticos-100069020438303"]}]}},"_links":{"self":[{"href":"https:\/\/mpi.com.es\/en\/wp-json\/wp\/v2\/product\/14413","targetHints":{"allow":["GET"]}}],"collection":[{"href":"https:\/\/mpi.com.es\/en\/wp-json\/wp\/v2\/product"}],"about":[{"href":"https:\/\/mpi.com.es\/en\/wp-json\/wp\/v2\/types\/product"}],"wp:featuredmedia":[{"embeddable":true,"href":"https:\/\/mpi.com.es\/en\/wp-json\/wp\/v2\/media\/14432"}],"wp:attachment":[{"href":"https:\/\/mpi.com.es\/en\/wp-json\/wp\/v2\/media?parent=14413"}],"wp:term":[{"taxonomy":"brand","embeddable":true,"href":"https:\/\/mpi.com.es\/en\/wp-json\/wp\/v2\/brand?post=14413"},{"taxonomy":"family","embeddable":true,"href":"https:\/\/mpi.com.es\/en\/wp-json\/wp\/v2\/family?post=14413"},{"taxonomy":"support","embeddable":true,"href":"https:\/\/mpi.com.es\/en\/wp-json\/wp\/v2\/support?post=14413"},{"taxonomy":"technology","embeddable":true,"href":"https:\/\/mpi.com.es\/en\/wp-json\/wp\/v2\/technology?post=14413"},{"taxonomy":"feature","embeddable":true,"href":"https:\/\/mpi.com.es\/en\/wp-json\/wp\/v2\/feature?post=14413"}],"curies":[{"name":"wp","href":"https:\/\/api.w.org\/{rel}","templated":true}]}}