{"id":5126,"date":"2014-03-20T18:51:00","date_gmt":"2014-03-20T17:51:00","guid":{"rendered":"https:\/\/mpi.com.es\/about-us\/quienes-somos\/"},"modified":"2019-07-13T10:02:02","modified_gmt":"2019-07-13T08:02:02","slug":"quienes-somos","status":"publish","type":"page","link":"https:\/\/mpi.com.es\/en\/about-us\/quienes-somos\/","title":{"rendered":"\u00bfQui\u00e9nes somos?"},"content":{"rendered":"<p>Empresa creada en 2006 por profesionales con m\u00e1s de 25 a\u00f1os de experiencia,<strong> especializados en soluciones de impresi\u00f3n<\/strong>.<\/p>\n<h2>Nuestra Filosof\u00eda<\/h2>\n<p>Somos conscientes de la importancia que para nuestros Clientes representa la disponibilidad y eficacia de un servicio, que les ayude y acompa\u00f1e en la resoluci\u00f3n de incidencias del d\u00eda a d\u00eda o de futuro, es por ello que en MPI nuestro departamento t\u00e9cnico tiene un funcionamiento con <strong>TOTAL <\/strong><a href=\"https:\/\/www.google.com\/maps\/d\/viewer?ll=35.137879,-5.756836&amp;msa=0&amp;spn=20.317164,28.256836&amp;mid=zD0LxA8IKw4Y.k8wXO-0x-4DU\" target=\"_blank\" rel=\"noopener noreferrer\">cobertura geogr\u00e1fica.<\/a><\/p>\n<p>A lo largo de los a\u00f1os hemos ido perfilando nuestra filosof\u00eda de empresa, basada en la experiencia y la capacidad de nuestros profesionales, y adquirida gracias a la confianza depositada por nuestros clientes y a la calidad de los servicios y marcas que representamos.<\/p>\n<p>Es a trav\u00e9s de la pol\u00edtica de calidad donde establecemos nuestras l\u00edneas maestras de actuaci\u00f3n.<\/p>\n<h2>Nos caracterizamos por:<\/h2>\n<p>Proveer a nuestros clientes soluciones y servicios inform\u00e1ticos de alta calidad y eficacia en sus procesos de negocio.<\/p>\n<p>Agilidad, flexibilidad y eficacia son nuestras marcas de identidad<\/p>\n<p>Establecer relaciones estrechas y personales con todos nuestros clientes.<\/p>\n<p>Representar marcas l\u00edder del mercado: <strong>Printronix &#8211; Microplex &#8211; PSI<\/strong><\/p>\n","protected":false},"excerpt":{"rendered":"<p>Empresa creada en 2006 por profesionales con m\u00e1s de 25 a\u00f1os de experiencia, especializados en soluciones de impresi\u00f3n. Nuestra Filosof\u00eda Somos conscientes de la importancia que para nuestros Clientes representa<\/p>\n","protected":false},"author":2,"featured_media":0,"parent":4676,"menu_order":0,"comment_status":"closed","ping_status":"closed","template":"","meta":{"_acf_changed":false,"footnotes":""},"class_list":["post-5126","page","type-page","status-publish","hentry"],"acf":[],"yoast_head":"<!-- This site is optimized with the Yoast SEO Premium plugin v26.5 (Yoast SEO v27.4) - https:\/\/yoast.com\/product\/yoast-seo-premium-wordpress\/ -->\n<title>\u00bfQui\u00e9nes somos? - MPI Mantenimiento Perif\u00e9ricos Inform\u00e1ticos<\/title>\n<meta name=\"description\" content=\"Empresa creada en 2006 por profesionales con m\u00e1s de 25 a\u00f1os de experiencia, especializados en soluciones de impresi\u00f3n.\" \/>\n<meta name=\"robots\" content=\"index, follow, max-snippet:-1, max-image-preview:large, max-video-preview:-1\" \/>\n<link rel=\"canonical\" href=\"https:\/\/mpi.com.es\/en\/about-us\/quienes-somos\/\" \/>\n<meta property=\"og:locale\" content=\"en_US\" \/>\n<meta property=\"og:type\" content=\"article\" \/>\n<meta property=\"og:title\" content=\"\u00bfQui\u00e9nes somos?\" \/>\n<meta property=\"og:description\" content=\"Empresa creada en 2006 por profesionales con m\u00e1s de 25 a\u00f1os de experiencia, especializados en soluciones de impresi\u00f3n.\" \/>\n<meta property=\"og:url\" content=\"https:\/\/mpi.com.es\/en\/about-us\/quienes-somos\/\" \/>\n<meta property=\"og:site_name\" content=\"MPI Mantenimiento Perif\u00e9ricos Inform\u00e1ticos\" \/>\n<meta property=\"article:publisher\" content=\"https:\/\/www.facebook.com\/p\/Mantenimiento-Perifricos-Informticos-100069020438303\" \/>\n<meta property=\"article:modified_time\" content=\"2019-07-13T08:02:02+00:00\" \/>\n<meta name=\"twitter:label1\" content=\"Est. reading time\" \/>\n\t<meta name=\"twitter:data1\" content=\"1 minute\" \/>\n<script type=\"application\/ld+json\" class=\"yoast-schema-graph\">{\"@context\":\"https:\\\/\\\/schema.org\",\"@graph\":[{\"@type\":\"WebPage\",\"@id\":\"https:\\\/\\\/mpi.com.es\\\/en\\\/about-us\\\/quienes-somos\\\/\",\"url\":\"https:\\\/\\\/mpi.com.es\\\/en\\\/about-us\\\/quienes-somos\\\/\",\"name\":\"\u00bfQui\u00e9nes somos? - MPI Mantenimiento Perif\u00e9ricos Inform\u00e1ticos\",\"isPartOf\":{\"@id\":\"https:\\\/\\\/mpi.com.es\\\/en\\\/#website\"},\"datePublished\":\"2014-03-20T17:51:00+00:00\",\"dateModified\":\"2019-07-13T08:02:02+00:00\",\"description\":\"Empresa creada en 2006 por profesionales con m\u00e1s de 25 a\u00f1os de experiencia, especializados en soluciones de impresi\u00f3n.\",\"breadcrumb\":{\"@id\":\"https:\\\/\\\/mpi.com.es\\\/en\\\/about-us\\\/quienes-somos\\\/#breadcrumb\"},\"inLanguage\":\"en-US\",\"potentialAction\":[{\"@type\":\"ReadAction\",\"target\":[\"https:\\\/\\\/mpi.com.es\\\/en\\\/about-us\\\/quienes-somos\\\/\"]}]},{\"@type\":\"BreadcrumbList\",\"@id\":\"https:\\\/\\\/mpi.com.es\\\/en\\\/about-us\\\/quienes-somos\\\/#breadcrumb\",\"itemListElement\":[{\"@type\":\"ListItem\",\"position\":1,\"name\":\"Portada\",\"item\":\"https:\\\/\\\/mpi.com.es\\\/en\\\/\"},{\"@type\":\"ListItem\",\"position\":2,\"name\":\"about us\",\"item\":\"https:\\\/\\\/mpi.com.es\\\/en\\\/nosotros\\\/\"},{\"@type\":\"ListItem\",\"position\":3,\"name\":\"\u00bfQui\u00e9nes somos?\"}]},{\"@type\":\"WebSite\",\"@id\":\"https:\\\/\\\/mpi.com.es\\\/en\\\/#website\",\"url\":\"https:\\\/\\\/mpi.com.es\\\/en\\\/\",\"name\":\"MPI Mantenimiento Perif\u00e9ricos Inform\u00e1ticos\",\"description\":\"Impresoras Industriales, impresi\u00f3n,alto volumen, mantenimiento, mantenimiento impresoras\",\"publisher\":{\"@id\":\"https:\\\/\\\/mpi.com.es\\\/en\\\/#organization\"},\"potentialAction\":[{\"@type\":\"SearchAction\",\"target\":{\"@type\":\"EntryPoint\",\"urlTemplate\":\"https:\\\/\\\/mpi.com.es\\\/en\\\/?s={search_term_string}\"},\"query-input\":{\"@type\":\"PropertyValueSpecification\",\"valueRequired\":true,\"valueName\":\"search_term_string\"}}],\"inLanguage\":\"en-US\"},{\"@type\":\"Organization\",\"@id\":\"https:\\\/\\\/mpi.com.es\\\/en\\\/#organization\",\"name\":\"Mantenimiento Perif\u00e9ricos Inform\u00e1ticos\",\"url\":\"https:\\\/\\\/mpi.com.es\\\/en\\\/\",\"logo\":{\"@type\":\"ImageObject\",\"inLanguage\":\"en-US\",\"@id\":\"https:\\\/\\\/mpi.com.es\\\/en\\\/#\\\/schema\\\/logo\\\/image\\\/\",\"url\":\"https:\\\/\\\/mpi.com.es\\\/wp-content\\\/uploads\\\/2019\\\/07\\\/LOGONAMING-TRANSP.png\",\"contentUrl\":\"https:\\\/\\\/mpi.com.es\\\/wp-content\\\/uploads\\\/2019\\\/07\\\/LOGONAMING-TRANSP.png\",\"width\":1573,\"height\":431,\"caption\":\"Mantenimiento Perif\u00e9ricos Inform\u00e1ticos\"},\"image\":{\"@id\":\"https:\\\/\\\/mpi.com.es\\\/en\\\/#\\\/schema\\\/logo\\\/image\\\/\"},\"sameAs\":[\"https:\\\/\\\/www.facebook.com\\\/p\\\/Mantenimiento-Perifricos-Informticos-100069020438303\"]}]}<\/script>\n<!-- \/ Yoast SEO Premium plugin. -->","yoast_head_json":{"title":"\u00bfQui\u00e9nes somos? - MPI Mantenimiento Perif\u00e9ricos Inform\u00e1ticos","description":"Empresa creada en 2006 por profesionales con m\u00e1s de 25 a\u00f1os de experiencia, especializados en soluciones de impresi\u00f3n.","robots":{"index":"index","follow":"follow","max-snippet":"max-snippet:-1","max-image-preview":"max-image-preview:large","max-video-preview":"max-video-preview:-1"},"canonical":"https:\/\/mpi.com.es\/en\/about-us\/quienes-somos\/","og_locale":"en_US","og_type":"article","og_title":"\u00bfQui\u00e9nes somos?","og_description":"Empresa creada en 2006 por profesionales con m\u00e1s de 25 a\u00f1os de experiencia, especializados en soluciones de impresi\u00f3n.","og_url":"https:\/\/mpi.com.es\/en\/about-us\/quienes-somos\/","og_site_name":"MPI Mantenimiento Perif\u00e9ricos Inform\u00e1ticos","article_publisher":"https:\/\/www.facebook.com\/p\/Mantenimiento-Perifricos-Informticos-100069020438303","article_modified_time":"2019-07-13T08:02:02+00:00","twitter_misc":{"Est. reading time":"1 minute"},"schema":{"@context":"https:\/\/schema.org","@graph":[{"@type":"WebPage","@id":"https:\/\/mpi.com.es\/en\/about-us\/quienes-somos\/","url":"https:\/\/mpi.com.es\/en\/about-us\/quienes-somos\/","name":"\u00bfQui\u00e9nes somos? - MPI Mantenimiento Perif\u00e9ricos Inform\u00e1ticos","isPartOf":{"@id":"https:\/\/mpi.com.es\/en\/#website"},"datePublished":"2014-03-20T17:51:00+00:00","dateModified":"2019-07-13T08:02:02+00:00","description":"Empresa creada en 2006 por profesionales con m\u00e1s de 25 a\u00f1os de experiencia, especializados en soluciones de impresi\u00f3n.","breadcrumb":{"@id":"https:\/\/mpi.com.es\/en\/about-us\/quienes-somos\/#breadcrumb"},"inLanguage":"en-US","potentialAction":[{"@type":"ReadAction","target":["https:\/\/mpi.com.es\/en\/about-us\/quienes-somos\/"]}]},{"@type":"BreadcrumbList","@id":"https:\/\/mpi.com.es\/en\/about-us\/quienes-somos\/#breadcrumb","itemListElement":[{"@type":"ListItem","position":1,"name":"Portada","item":"https:\/\/mpi.com.es\/en\/"},{"@type":"ListItem","position":2,"name":"about us","item":"https:\/\/mpi.com.es\/en\/nosotros\/"},{"@type":"ListItem","position":3,"name":"\u00bfQui\u00e9nes somos?"}]},{"@type":"WebSite","@id":"https:\/\/mpi.com.es\/en\/#website","url":"https:\/\/mpi.com.es\/en\/","name":"MPI Mantenimiento Perif\u00e9ricos Inform\u00e1ticos","description":"Impresoras Industriales, impresi\u00f3n,alto volumen, mantenimiento, mantenimiento impresoras","publisher":{"@id":"https:\/\/mpi.com.es\/en\/#organization"},"potentialAction":[{"@type":"SearchAction","target":{"@type":"EntryPoint","urlTemplate":"https:\/\/mpi.com.es\/en\/?s={search_term_string}"},"query-input":{"@type":"PropertyValueSpecification","valueRequired":true,"valueName":"search_term_string"}}],"inLanguage":"en-US"},{"@type":"Organization","@id":"https:\/\/mpi.com.es\/en\/#organization","name":"Mantenimiento Perif\u00e9ricos Inform\u00e1ticos","url":"https:\/\/mpi.com.es\/en\/","logo":{"@type":"ImageObject","inLanguage":"en-US","@id":"https:\/\/mpi.com.es\/en\/#\/schema\/logo\/image\/","url":"https:\/\/mpi.com.es\/wp-content\/uploads\/2019\/07\/LOGONAMING-TRANSP.png","contentUrl":"https:\/\/mpi.com.es\/wp-content\/uploads\/2019\/07\/LOGONAMING-TRANSP.png","width":1573,"height":431,"caption":"Mantenimiento Perif\u00e9ricos Inform\u00e1ticos"},"image":{"@id":"https:\/\/mpi.com.es\/en\/#\/schema\/logo\/image\/"},"sameAs":["https:\/\/www.facebook.com\/p\/Mantenimiento-Perifricos-Informticos-100069020438303"]}]}},"_links":{"self":[{"href":"https:\/\/mpi.com.es\/en\/wp-json\/wp\/v2\/pages\/5126","targetHints":{"allow":["GET"]}}],"collection":[{"href":"https:\/\/mpi.com.es\/en\/wp-json\/wp\/v2\/pages"}],"about":[{"href":"https:\/\/mpi.com.es\/en\/wp-json\/wp\/v2\/types\/page"}],"author":[{"embeddable":true,"href":"https:\/\/mpi.com.es\/en\/wp-json\/wp\/v2\/users\/2"}],"replies":[{"embeddable":true,"href":"https:\/\/mpi.com.es\/en\/wp-json\/wp\/v2\/comments?post=5126"}],"version-history":[{"count":1,"href":"https:\/\/mpi.com.es\/en\/wp-json\/wp\/v2\/pages\/5126\/revisions"}],"predecessor-version":[{"id":12948,"href":"https:\/\/mpi.com.es\/en\/wp-json\/wp\/v2\/pages\/5126\/revisions\/12948"}],"up":[{"embeddable":true,"href":"https:\/\/mpi.com.es\/en\/wp-json\/wp\/v2\/pages\/4676"}],"wp:attachment":[{"href":"https:\/\/mpi.com.es\/en\/wp-json\/wp\/v2\/media?parent=5126"}],"curies":[{"name":"wp","href":"https:\/\/api.w.org\/{rel}","templated":true}]}}