{"id":5121,"date":"2014-03-20T18:52:02","date_gmt":"2014-03-20T17:52:02","guid":{"rendered":"https:\/\/mpi.com.es\/services\/consumibles-y-repuestos\/"},"modified":"2018-06-17T11:09:04","modified_gmt":"2018-06-17T09:09:04","slug":"consumibles-y-repuestos","status":"publish","type":"page","link":"https:\/\/mpi.com.es\/en\/services\/consumibles-y-repuestos\/","title":{"rendered":"Consumibles y repuestos"},"content":{"rendered":"<p>&nbsp;<\/p>\n<p>Nuestro departamento log\u00edstico cuenta con un stock permanente de seguridad para la gama de impresoras industriales de las marcas <a href=\"https:\/\/mpi.com.es\/marca\/printronix\/\">Printronix<\/a> <a href=\"https:\/\/mpi.com.es\/marca\/psi\/\">PSI<\/a> <a href=\"https:\/\/mpi.com.es\/marca\/oce\/\">OC\u00c9<\/a> y <a href=\"https:\/\/mpi.com.es\/marca\/microplex\/\">Microplex<\/a>, y Zebra evitando as\u00ed los posibles problemas de paradas en la producci\u00f3n.<\/p>\n<ul>\n<li><strong>Etiquetas a medida<\/strong>: Polipropileno ultra-destructible, poli\u00e9ster plata o poli\u00e9ster blanco, \u00a0papel de alto brillo,\u00a0papel couch\u00e9 en semibrillo y etiquetas RFID<\/li>\n<li><strong>Cabezales de impresi\u00f3n<\/strong>: Zebra, Sato, Intermec, Microplex, Printronix entre otras<\/li>\n<li><strong>Consumibles<\/strong>: <a href=\"https:\/\/mpi.com.es\/productos\/consumibles-microplex\/\">Microplex<\/a>, <a href=\"https:\/\/mpi.com.es\/productos\/consumibles-printronix\/\">Printronix<\/a>, Cintas, Toner, Tambores, Reveladores, Fusores, Coronas.<\/li>\n<li><strong>Recambios: <\/strong>Printronix, Microplex, Intermec, Sato, Oc\u00e9, Zebra<\/li>\n<\/ul>\n<h2><strong>Consumibles \u00a0 \u00a0 \u00a0 \u00a0 \u00a0 \u00a0 \u00a0 \u00a0 \u00a0 \u00a0 \u00a0 \u00a0 \u00a0 \u00a0 \u00a0 \u00a0 \u00a0 \u00a0 \u00a0 Repuestos \u00a0Zebra \u00a0 \u00a0 \u00a0 \u00a0 \u00a0 \u00a0 \u00a0 \u00a0 \u00a0 \u00a0 \u00a0 \u00a0 \u00a0 \u00a0 \u00a0 \u00a0 \u00a0 \u00a0 \u00a0 \u00a0 \u00a0 \u00a0 \u00a0 \u00a0 \u00a0 \u00a0 \u00a0 \u00a0 \u00a0 \u00a0 \u00a0 \u00a0 \u00a0 \u00a0 \u00a0 \u00a0 \u00a0 \u00a0 \u00a0 \u00a0 \u00a0 \u00a0 \u00a0<\/strong><\/h2>\n<h4><strong>Multimarca \u00a0 \u00a0 \u00a0 \u00a0 \u00a0 \u00a0 \u00a0 \u00a0 \u00a0 \u00a0 \u00a0 \u00a0 \u00a0 \u00a0 \u00a0 \u00a0 \u00a0 \u00a0 \u00a0 \u00a0 \u00a0 \u00a0 \u00a0 \u00a0 \u00a0 \u00a0 \u00a0 \u00a0 \u00a0 \u00a0 \u00a0 \u00a0 \u00a0 \u00a0 \u00a0 Repuestos Printronix: <a href=\"https:\/\/mpi.com.es\/wp-content\/uploads\/2014\/03\/lista-recambios-Printronix.xls\">P5000 P7000 T5000 L7032<\/a><\/strong><br \/>\nReferencias disponibles:\u00a0<a href=\"https:\/\/mpi.com.es\/wp-content\/uploads\/2014\/03\/MPI_consumibles.xlsx\">MPI_consumibles<\/a><span style=\"line-height: 1.5em;\">\u00a0 \u00a0 \u00a0 \u00a0 \u00a0 \u00a0 \u00a0 \u00a0 \u00a0\u00a0<strong>Repuestos Zebra<\/strong>: Toda la gama de impresoras<\/span><strong>\u00a0 \u00a0 \u00a0 \u00a0 \u00a0 \u00a0 \u00a0 \u00a0 \u00a0 \u00a0 \u00a0 \u00a0 \u00a0 \u00a0 \u00a0 \u00a0 \u00a0 \u00a0 \u00a0 \u00a0 \u00a0 \u00a0 \u00a0 \u00a0 \u00a0 \u00a0 \u00a0 \u00a0 \u00a0 \u00a0 \u00a0 \u00a0 \u00a0 \u00a0 \u00a0 \u00a0 \u00a0 \u00a0 \u00a0 \u00a0 \u00a0\u00a0<\/strong><\/h4>\n<p><strong>Referencias disponibles: <a href=\"https:\/\/mpi.com.es\/wp-content\/uploads\/2014\/03\/ref-consumibles-microplex2.xlsx\">Microplex<\/a>\u00a0 \u00a0 \u00a0 \u00a0 \u00a0 \u00a0 \u00a0 \u00a0 \u00a0 \u00a0 \u00a0 \u00a0 \u00a0 \u00a0 \u00a0 \u00a0 \u00a0 \u00a0 \u00a0 \u00a0 \u00a0 \u00a0 \u00a0 \u00a0 \u00a0 \u00a0 \u00a0 \u00a0 \u00a0 \u00a0 \u00a0 \u00a0 \u00a0 \u00a0 \u00a0 \u00a0 \u00a0 \u00a0 \u00a0 \u00a0 \u00a0\u00a0<a href=\"https:\/\/mpi.com.es\/servicios\/reparacion\/\">Despiece Impresoras Printronix<\/a><\/strong><\/p>\n<p><strong>Referencias disponibles:<\/strong>\u00a0<strong><a href=\"https:\/\/mpi.com.es\/wp-content\/uploads\/2014\/03\/Consumibles-Printronix.xls\">Printronix<\/a>\u00a0<a href=\"https:\/\/mpi.com.es\/servicios\/consumibles-y-repuestos\/attachment\/tsc_auto_id_technology_emea_tscae_thermal_sku\/\" rel=\"attachment wp-att-1596\">Termicas T5000 T8000<\/a>\u00a0<a href=\"https:\/\/mpi.com.es\/servicios\/consumibles-y-repuestos\/attachment\/printronix_llc_line_matrix_sku\/\" rel=\"attachment wp-att-1597\">Printronix P8000 P7000<\/a><\/strong><\/p>\n<p><a href=\"https:\/\/mpi.com.es\/wp-content\/uploads\/2014\/03\/P7000-ribbon-box-576_mini2.jpg\"><img loading=\"lazy\" decoding=\"async\" class=\"alignleft\" title=\"consumibles y repuestos printronix P7000\" src=\"https:\/\/mpi.com.es\/wp-content\/uploads\/2014\/03\/P7000-ribbon-box-576_mini2.jpg\" alt=\"consumibles 179499-001 P7000\" width=\"175\" height=\"136\" \/><\/a><\/p>\n<p><img loading=\"lazy\" decoding=\"async\" class=\"alignnone\" title=\"etiquetas t\u00e9rmicas \" src=\"https:\/\/mpi.com.es\/wp-content\/uploads\/2014\/03\/images-1.jpg\" alt=\"consumibles etiquetas\" width=\"200\" height=\"200\" \/>\u00a0 \u00a0 \u00a0 \u00a0 \u00a0 \u00a0<img loading=\"lazy\" decoding=\"async\" class=\"alignnone\" title=\"consumibles y repuestos cartucho printronix p7000\" src=\"https:\/\/mpi.com.es\/wp-content\/uploads\/2014\/03\/images.jpg\" alt=\"255049-101 consumible\" width=\"100\" height=\"118\" \/>\u00a0 \u00a0 \u00a0<img loading=\"lazy\" decoding=\"async\" class=\"alignnone\" style=\"line-height: 1.5em;\" title=\"consumible toner 2.5 oc\u00e9\" src=\"\" alt=\"consumibles oce toner\" width=\"150\" height=\"150\" \/> <a href=\"https:\/\/mpi.com.es\/wp-content\/uploads\/2014\/03\/printronix.jpg\"><img loading=\"lazy\" decoding=\"async\" class=\"alignnone\" title=\"consumibles y repuestos printronix \" src=\"\" alt=\"consumibles printronix\" width=\"300\" height=\"123\" \/><\/a>\u00a0\u00a0<a href=\"https:\/\/mpi.com.es\/wp-content\/uploads\/2014\/03\/oce-toner-palet1.jpg\"><img loading=\"lazy\" decoding=\"async\" class=\"alignnone\" title=\"consumibles y repuestos oc\u00e9\" src=\"https:\/\/mpi.com.es\/wp-content\/uploads\/2014\/03\/oce-toner-palet1.jpg\" alt=\"consumible oce toner palet\" width=\"225\" height=\"168\" \/><\/a><\/p>\n","protected":false},"excerpt":{"rendered":"<p>&nbsp; Nuestro departamento log\u00edstico cuenta con un stock permanente de seguridad para la gama de impresoras industriales de las marcas Printronix PSI OC\u00c9 y Microplex, y Zebra evitando as\u00ed los<\/p>\n","protected":false},"author":2,"featured_media":3384,"parent":4781,"menu_order":0,"comment_status":"open","ping_status":"open","template":"","meta":{"_acf_changed":false,"footnotes":""},"class_list":["post-5121","page","type-page","status-publish","has-post-thumbnail","hentry"],"acf":[],"yoast_head":"<!-- This site is optimized with the Yoast SEO Premium plugin v26.5 (Yoast SEO v27.4) - https:\/\/yoast.com\/product\/yoast-seo-premium-wordpress\/ -->\n<title>Consumibles y Repuestos Printronix Microplex PSI Zebra<\/title>\n<meta name=\"description\" content=\"Suministro de repuestos y consumibles de las marcas comercializadas en nuestra web as\u00ed como consumibles de la gran mayor\u00eda de las impresoras del mercado\" \/>\n<meta name=\"robots\" content=\"index, follow, max-snippet:-1, max-image-preview:large, max-video-preview:-1\" \/>\n<link rel=\"canonical\" href=\"https:\/\/mpi.com.es\/en\/services\/consumibles-y-repuestos\/\" \/>\n<meta property=\"og:locale\" content=\"en_US\" \/>\n<meta property=\"og:type\" content=\"article\" \/>\n<meta property=\"og:title\" content=\"Consumibles y repuestos\" \/>\n<meta property=\"og:description\" content=\"Suministro de repuestos y consumibles de las marcas comercializadas en nuestra web as\u00ed como consumibles de la gran mayor\u00eda de las impresoras del mercado\" \/>\n<meta property=\"og:url\" content=\"https:\/\/mpi.com.es\/en\/services\/consumibles-y-repuestos\/\" \/>\n<meta property=\"og:site_name\" content=\"MPI Mantenimiento Perif\u00e9ricos Inform\u00e1ticos\" \/>\n<meta property=\"article:publisher\" content=\"https:\/\/www.facebook.com\/p\/Mantenimiento-Perifricos-Informticos-100069020438303\" \/>\n<meta property=\"article:modified_time\" content=\"2018-06-17T09:09:04+00:00\" \/>\n<meta property=\"og:image\" content=\"https:\/\/mpi.com.es\/wp-content\/uploads\/2014\/03\/consumibles-printronix.jpg\" \/>\n\t<meta property=\"og:image:width\" content=\"690\" \/>\n\t<meta property=\"og:image:height\" content=\"284\" \/>\n\t<meta property=\"og:image:type\" content=\"image\/jpeg\" \/>\n<meta name=\"twitter:label1\" content=\"Est. reading time\" \/>\n\t<meta name=\"twitter:data1\" content=\"1 minute\" \/>\n<script type=\"application\/ld+json\" class=\"yoast-schema-graph\">{\"@context\":\"https:\\\/\\\/schema.org\",\"@graph\":[{\"@type\":\"WebPage\",\"@id\":\"https:\\\/\\\/mpi.com.es\\\/en\\\/services\\\/consumibles-y-repuestos\\\/\",\"url\":\"https:\\\/\\\/mpi.com.es\\\/en\\\/services\\\/consumibles-y-repuestos\\\/\",\"name\":\"Consumibles y Repuestos Printronix Microplex PSI Zebra\",\"isPartOf\":{\"@id\":\"https:\\\/\\\/mpi.com.es\\\/en\\\/#website\"},\"primaryImageOfPage\":{\"@id\":\"https:\\\/\\\/mpi.com.es\\\/en\\\/services\\\/consumibles-y-repuestos\\\/#primaryimage\"},\"image\":{\"@id\":\"https:\\\/\\\/mpi.com.es\\\/en\\\/services\\\/consumibles-y-repuestos\\\/#primaryimage\"},\"thumbnailUrl\":\"https:\\\/\\\/mpi.com.es\\\/wp-content\\\/uploads\\\/2014\\\/03\\\/consumibles-printronix.jpg\",\"datePublished\":\"2014-03-20T17:52:02+00:00\",\"dateModified\":\"2018-06-17T09:09:04+00:00\",\"description\":\"Suministro de repuestos y consumibles de las marcas comercializadas en nuestra web as\u00ed como consumibles de la gran mayor\u00eda de las impresoras del mercado\",\"breadcrumb\":{\"@id\":\"https:\\\/\\\/mpi.com.es\\\/en\\\/services\\\/consumibles-y-repuestos\\\/#breadcrumb\"},\"inLanguage\":\"en-US\",\"potentialAction\":[{\"@type\":\"ReadAction\",\"target\":[\"https:\\\/\\\/mpi.com.es\\\/en\\\/services\\\/consumibles-y-repuestos\\\/\"]}]},{\"@type\":\"ImageObject\",\"inLanguage\":\"en-US\",\"@id\":\"https:\\\/\\\/mpi.com.es\\\/en\\\/services\\\/consumibles-y-repuestos\\\/#primaryimage\",\"url\":\"https:\\\/\\\/mpi.com.es\\\/wp-content\\\/uploads\\\/2014\\\/03\\\/consumibles-printronix.jpg\",\"contentUrl\":\"https:\\\/\\\/mpi.com.es\\\/wp-content\\\/uploads\\\/2014\\\/03\\\/consumibles-printronix.jpg\",\"width\":690,\"height\":284},{\"@type\":\"BreadcrumbList\",\"@id\":\"https:\\\/\\\/mpi.com.es\\\/en\\\/services\\\/consumibles-y-repuestos\\\/#breadcrumb\",\"itemListElement\":[{\"@type\":\"ListItem\",\"position\":1,\"name\":\"Portada\",\"item\":\"https:\\\/\\\/mpi.com.es\\\/en\\\/\"},{\"@type\":\"ListItem\",\"position\":2,\"name\":\"services\",\"item\":\"https:\\\/\\\/mpi.com.es\\\/en\\\/servicios\\\/\"},{\"@type\":\"ListItem\",\"position\":3,\"name\":\"Consumibles y repuestos\"}]},{\"@type\":\"WebSite\",\"@id\":\"https:\\\/\\\/mpi.com.es\\\/en\\\/#website\",\"url\":\"https:\\\/\\\/mpi.com.es\\\/en\\\/\",\"name\":\"MPI Mantenimiento Perif\u00e9ricos Inform\u00e1ticos\",\"description\":\"Impresoras Industriales, impresi\u00f3n,alto volumen, mantenimiento, mantenimiento impresoras\",\"publisher\":{\"@id\":\"https:\\\/\\\/mpi.com.es\\\/en\\\/#organization\"},\"potentialAction\":[{\"@type\":\"SearchAction\",\"target\":{\"@type\":\"EntryPoint\",\"urlTemplate\":\"https:\\\/\\\/mpi.com.es\\\/en\\\/?s={search_term_string}\"},\"query-input\":{\"@type\":\"PropertyValueSpecification\",\"valueRequired\":true,\"valueName\":\"search_term_string\"}}],\"inLanguage\":\"en-US\"},{\"@type\":\"Organization\",\"@id\":\"https:\\\/\\\/mpi.com.es\\\/en\\\/#organization\",\"name\":\"Mantenimiento Perif\u00e9ricos Inform\u00e1ticos\",\"url\":\"https:\\\/\\\/mpi.com.es\\\/en\\\/\",\"logo\":{\"@type\":\"ImageObject\",\"inLanguage\":\"en-US\",\"@id\":\"https:\\\/\\\/mpi.com.es\\\/en\\\/#\\\/schema\\\/logo\\\/image\\\/\",\"url\":\"https:\\\/\\\/mpi.com.es\\\/wp-content\\\/uploads\\\/2019\\\/07\\\/LOGONAMING-TRANSP.png\",\"contentUrl\":\"https:\\\/\\\/mpi.com.es\\\/wp-content\\\/uploads\\\/2019\\\/07\\\/LOGONAMING-TRANSP.png\",\"width\":1573,\"height\":431,\"caption\":\"Mantenimiento Perif\u00e9ricos Inform\u00e1ticos\"},\"image\":{\"@id\":\"https:\\\/\\\/mpi.com.es\\\/en\\\/#\\\/schema\\\/logo\\\/image\\\/\"},\"sameAs\":[\"https:\\\/\\\/www.facebook.com\\\/p\\\/Mantenimiento-Perifricos-Informticos-100069020438303\"]}]}<\/script>\n<!-- \/ Yoast SEO Premium plugin. -->","yoast_head_json":{"title":"Consumibles y Repuestos Printronix Microplex PSI Zebra","description":"Suministro de repuestos y consumibles de las marcas comercializadas en nuestra web as\u00ed como consumibles de la gran mayor\u00eda de las impresoras del mercado","robots":{"index":"index","follow":"follow","max-snippet":"max-snippet:-1","max-image-preview":"max-image-preview:large","max-video-preview":"max-video-preview:-1"},"canonical":"https:\/\/mpi.com.es\/en\/services\/consumibles-y-repuestos\/","og_locale":"en_US","og_type":"article","og_title":"Consumibles y repuestos","og_description":"Suministro de repuestos y consumibles de las marcas comercializadas en nuestra web as\u00ed como consumibles de la gran mayor\u00eda de las impresoras del mercado","og_url":"https:\/\/mpi.com.es\/en\/services\/consumibles-y-repuestos\/","og_site_name":"MPI Mantenimiento Perif\u00e9ricos Inform\u00e1ticos","article_publisher":"https:\/\/www.facebook.com\/p\/Mantenimiento-Perifricos-Informticos-100069020438303","article_modified_time":"2018-06-17T09:09:04+00:00","og_image":[{"width":690,"height":284,"url":"https:\/\/mpi.com.es\/wp-content\/uploads\/2014\/03\/consumibles-printronix.jpg","type":"image\/jpeg"}],"twitter_misc":{"Est. reading time":"1 minute"},"schema":{"@context":"https:\/\/schema.org","@graph":[{"@type":"WebPage","@id":"https:\/\/mpi.com.es\/en\/services\/consumibles-y-repuestos\/","url":"https:\/\/mpi.com.es\/en\/services\/consumibles-y-repuestos\/","name":"Consumibles y Repuestos Printronix Microplex PSI Zebra","isPartOf":{"@id":"https:\/\/mpi.com.es\/en\/#website"},"primaryImageOfPage":{"@id":"https:\/\/mpi.com.es\/en\/services\/consumibles-y-repuestos\/#primaryimage"},"image":{"@id":"https:\/\/mpi.com.es\/en\/services\/consumibles-y-repuestos\/#primaryimage"},"thumbnailUrl":"https:\/\/mpi.com.es\/wp-content\/uploads\/2014\/03\/consumibles-printronix.jpg","datePublished":"2014-03-20T17:52:02+00:00","dateModified":"2018-06-17T09:09:04+00:00","description":"Suministro de repuestos y consumibles de las marcas comercializadas en nuestra web as\u00ed como consumibles de la gran mayor\u00eda de las impresoras del mercado","breadcrumb":{"@id":"https:\/\/mpi.com.es\/en\/services\/consumibles-y-repuestos\/#breadcrumb"},"inLanguage":"en-US","potentialAction":[{"@type":"ReadAction","target":["https:\/\/mpi.com.es\/en\/services\/consumibles-y-repuestos\/"]}]},{"@type":"ImageObject","inLanguage":"en-US","@id":"https:\/\/mpi.com.es\/en\/services\/consumibles-y-repuestos\/#primaryimage","url":"https:\/\/mpi.com.es\/wp-content\/uploads\/2014\/03\/consumibles-printronix.jpg","contentUrl":"https:\/\/mpi.com.es\/wp-content\/uploads\/2014\/03\/consumibles-printronix.jpg","width":690,"height":284},{"@type":"BreadcrumbList","@id":"https:\/\/mpi.com.es\/en\/services\/consumibles-y-repuestos\/#breadcrumb","itemListElement":[{"@type":"ListItem","position":1,"name":"Portada","item":"https:\/\/mpi.com.es\/en\/"},{"@type":"ListItem","position":2,"name":"services","item":"https:\/\/mpi.com.es\/en\/servicios\/"},{"@type":"ListItem","position":3,"name":"Consumibles y repuestos"}]},{"@type":"WebSite","@id":"https:\/\/mpi.com.es\/en\/#website","url":"https:\/\/mpi.com.es\/en\/","name":"MPI Mantenimiento Perif\u00e9ricos Inform\u00e1ticos","description":"Impresoras Industriales, impresi\u00f3n,alto volumen, mantenimiento, mantenimiento impresoras","publisher":{"@id":"https:\/\/mpi.com.es\/en\/#organization"},"potentialAction":[{"@type":"SearchAction","target":{"@type":"EntryPoint","urlTemplate":"https:\/\/mpi.com.es\/en\/?s={search_term_string}"},"query-input":{"@type":"PropertyValueSpecification","valueRequired":true,"valueName":"search_term_string"}}],"inLanguage":"en-US"},{"@type":"Organization","@id":"https:\/\/mpi.com.es\/en\/#organization","name":"Mantenimiento Perif\u00e9ricos Inform\u00e1ticos","url":"https:\/\/mpi.com.es\/en\/","logo":{"@type":"ImageObject","inLanguage":"en-US","@id":"https:\/\/mpi.com.es\/en\/#\/schema\/logo\/image\/","url":"https:\/\/mpi.com.es\/wp-content\/uploads\/2019\/07\/LOGONAMING-TRANSP.png","contentUrl":"https:\/\/mpi.com.es\/wp-content\/uploads\/2019\/07\/LOGONAMING-TRANSP.png","width":1573,"height":431,"caption":"Mantenimiento Perif\u00e9ricos Inform\u00e1ticos"},"image":{"@id":"https:\/\/mpi.com.es\/en\/#\/schema\/logo\/image\/"},"sameAs":["https:\/\/www.facebook.com\/p\/Mantenimiento-Perifricos-Informticos-100069020438303"]}]}},"_links":{"self":[{"href":"https:\/\/mpi.com.es\/en\/wp-json\/wp\/v2\/pages\/5121","targetHints":{"allow":["GET"]}}],"collection":[{"href":"https:\/\/mpi.com.es\/en\/wp-json\/wp\/v2\/pages"}],"about":[{"href":"https:\/\/mpi.com.es\/en\/wp-json\/wp\/v2\/types\/page"}],"author":[{"embeddable":true,"href":"https:\/\/mpi.com.es\/en\/wp-json\/wp\/v2\/users\/2"}],"replies":[{"embeddable":true,"href":"https:\/\/mpi.com.es\/en\/wp-json\/wp\/v2\/comments?post=5121"}],"version-history":[{"count":1,"href":"https:\/\/mpi.com.es\/en\/wp-json\/wp\/v2\/pages\/5121\/revisions"}],"predecessor-version":[{"id":5124,"href":"https:\/\/mpi.com.es\/en\/wp-json\/wp\/v2\/pages\/5121\/revisions\/5124"}],"up":[{"embeddable":true,"href":"https:\/\/mpi.com.es\/en\/wp-json\/wp\/v2\/pages\/4781"}],"wp:featuredmedia":[{"embeddable":true,"href":"https:\/\/mpi.com.es\/en\/wp-json\/wp\/v2\/media\/3384"}],"wp:attachment":[{"href":"https:\/\/mpi.com.es\/en\/wp-json\/wp\/v2\/media?parent=5121"}],"curies":[{"name":"wp","href":"https:\/\/api.w.org\/{rel}","templated":true}]}}