{"id":5117,"date":"2014-03-20T18:53:23","date_gmt":"2014-03-20T17:53:23","guid":{"rendered":"https:\/\/mpi.com.es\/services\/reparacion\/"},"modified":"2019-07-28T18:21:08","modified_gmt":"2019-07-28T16:21:08","slug":"reparacion","status":"publish","type":"page","link":"https:\/\/mpi.com.es\/en\/services\/reparacion\/","title":{"rendered":"Service Repair"},"content":{"rendered":"\n<p>Our technicians have degrees in electronics and electromechanics acquired during their academic training as well as during the training and certification courses of the different manufacturers that we sell, this continuous training allows us to provide our customers with an&nbsp;<strong>excellent quality of service by reducing the repair time<\/strong>&nbsp;, our The objective is to provide a&nbsp;<strong>quality service in an efficient way<\/strong>&nbsp;, for this reason all repairs for printers have&nbsp;<em><strong>double the<\/strong>&nbsp;warranty that marks the law<\/em>&nbsp;(15 days)&nbsp;<strong>in MPI we offer a 30 day warranty<\/strong><\/p>\n\n\n\n<div class=\"wp-block-image\"><figure class=\"aligncenter\"><a href=\"https:\/\/mpi.com.es\/wp-content\/uploads\/2014\/03\/oscilo1.jpg\"><img decoding=\"async\" src=\"https:\/\/mpi.com.es\/wp-content\/uploads\/2014\/03\/oscilo1-300x225.jpg\" alt=\"I tilt repair\"\/><\/a><\/figure><\/div>\n\n\n\n<h2 class=\"wp-block-heading\"><strong>OUR SERVICES<\/strong><\/h2>\n\n\n\n<ul class=\"wp-block-list\"><li>Specialists in printers of production and high volume of the brands:&nbsp;<em>Printronix, Microplex, PSI, Tallygenicom, Zebra, Intermec, Datalogic, HP, Epson, ..<\/em><\/li><li>On-site maintenance service<\/li><li>Maintenance contracts on demand<\/li><li>Resolution times Day +1 NBD, 48 hours.<\/li><li>Back-up printers included in the contract available to the customer in case of breakdown.<\/li><li>Workshop Repair<\/li><li>Free budget within a maximum period of 3 days.<\/li><li>Possibility of sending the whole peninsula, a pre-configured contingency printer, from Monday to Friday until 6:00 p.m.<\/li><li><strong>Repair of computers, servers, screens, barcode readers UPS, UPS<\/strong><\/li><\/ul>\n\n\n\n<h2 class=\"wp-block-heading\"><strong>PORTABLE PDA TERMINALS, INVENTORY SYSTEMS AND CODE READERS.<\/strong><\/h2>\n\n\n\n<div class=\"wp-block-image\"><figure class=\"alignleft\"><a href=\"https:\/\/mpi.com.es\/servicios\/reparacion\/attachment\/reparacionpda\/\"><img decoding=\"async\" src=\"https:\/\/mpi.com.es\/wp-content\/uploads\/2014\/03\/reparacionPDA.jpg\" alt=\"PDA repair\"\/><\/a><\/figure><\/div>\n\n\n\n<p>We repair PDA terminals from manufacturers&nbsp;<em>Motorola, Honeywell, Datalogic, Intermec, Casio, Psion, LXE, Unitech, etc.<\/em><\/p>\n\n\n\n<p>We perform replacement of LCD and touch screen.&nbsp;We repair damages caused by blows or falls of the equipment.<\/p>\n\n\n\n<p>We also supply&nbsp;<strong>batteries, cables and accessories<\/strong>&nbsp;.<\/p>\n\n\n\n<div class=\"wp-block-image\"><figure class=\"alignright\"><img decoding=\"async\" src=\"https:\/\/mpi.com.es\/wp-content\/uploads\/2014\/03\/reparacionterminales.jpg\" alt=\"Repair of portable terminals\"\/><\/figure><\/div>\n\n\n\n<p>We prepare&nbsp;quotation <strong>without commitment in a maximum time of five working days<\/strong>&nbsp;.&nbsp;<br>You just have to send us the equipment and after your diagnosis we will send you a \u201cfree shipping\u201d budget for all accepted repairs.<\/p>\n\n\n\n<p><em>Warranties:<\/em>&nbsp;All our repairs have a&nbsp;<strong>3 month warranty<\/strong>&nbsp;from the date of shipment.<\/p>\n\n\n\n<div class=\"wp-block-image\"><figure class=\"aligncenter\"><img decoding=\"async\" src=\"https:\/\/mpi.com.es\/wp-content\/uploads\/2014\/03\/reparacionmoviles.jpg\" alt=\"mobile repair\"\/><\/figure><\/div>\n","protected":false},"excerpt":{"rendered":"<p>Our technicians have degrees in electronics and electromechanics acquired during their academic training as well as during the training and certification courses of the different manufacturers that we sell, this<\/p>\n","protected":false},"author":2,"featured_media":3390,"parent":4781,"menu_order":0,"comment_status":"open","ping_status":"open","template":"","meta":{"_acf_changed":false,"footnotes":""},"class_list":["post-5117","page","type-page","status-publish","has-post-thumbnail","hentry"],"acf":[],"yoast_head":"<!-- This site is optimized with the Yoast SEO Premium plugin v26.5 (Yoast SEO v27.4) - https:\/\/yoast.com\/product\/yoast-seo-premium-wordpress\/ -->\n<title>Service Repair - MPI Mantenimiento Perif\u00e9ricos Inform\u00e1ticos<\/title>\n<meta name=\"description\" content=\"Printer specialist repair service Brands Printronix Microplex PSI Tallygenicom IBM 6400 and 6500 series Epson HP Sato Intermec on site or laboratory\" \/>\n<meta name=\"robots\" content=\"index, follow, max-snippet:-1, max-image-preview:large, max-video-preview:-1\" \/>\n<link rel=\"canonical\" href=\"https:\/\/mpi.com.es\/en\/services\/reparacion\/\" \/>\n<meta property=\"og:locale\" content=\"en_US\" \/>\n<meta property=\"og:type\" content=\"article\" \/>\n<meta property=\"og:title\" content=\"Service Repair\" \/>\n<meta property=\"og:description\" content=\"Printer specialist repair service Brands Printronix Microplex PSI Tallygenicom IBM 6400 and 6500 series Epson HP Sato Intermec on site or laboratory\" \/>\n<meta property=\"og:url\" content=\"https:\/\/mpi.com.es\/en\/services\/reparacion\/\" \/>\n<meta property=\"og:site_name\" content=\"MPI Mantenimiento Perif\u00e9ricos Inform\u00e1ticos\" \/>\n<meta property=\"article:publisher\" content=\"https:\/\/www.facebook.com\/p\/Mantenimiento-Perifricos-Informticos-100069020438303\" \/>\n<meta property=\"article:modified_time\" content=\"2019-07-28T16:21:08+00:00\" \/>\n<meta property=\"og:image\" content=\"https:\/\/mpi.com.es\/wp-content\/uploads\/2014\/03\/oscilo.jpg\" \/>\n\t<meta property=\"og:image:width\" content=\"1024\" \/>\n\t<meta property=\"og:image:height\" content=\"768\" \/>\n\t<meta property=\"og:image:type\" content=\"image\/jpeg\" \/>\n<meta name=\"twitter:label1\" content=\"Est. reading time\" \/>\n\t<meta name=\"twitter:data1\" content=\"1 minute\" \/>\n<script type=\"application\/ld+json\" class=\"yoast-schema-graph\">{\"@context\":\"https:\\\/\\\/schema.org\",\"@graph\":[{\"@type\":\"WebPage\",\"@id\":\"https:\\\/\\\/mpi.com.es\\\/en\\\/services\\\/reparacion\\\/\",\"url\":\"https:\\\/\\\/mpi.com.es\\\/en\\\/services\\\/reparacion\\\/\",\"name\":\"Service Repair - MPI Mantenimiento Perif\u00e9ricos Inform\u00e1ticos\",\"isPartOf\":{\"@id\":\"https:\\\/\\\/mpi.com.es\\\/en\\\/#website\"},\"primaryImageOfPage\":{\"@id\":\"https:\\\/\\\/mpi.com.es\\\/en\\\/services\\\/reparacion\\\/#primaryimage\"},\"image\":{\"@id\":\"https:\\\/\\\/mpi.com.es\\\/en\\\/services\\\/reparacion\\\/#primaryimage\"},\"thumbnailUrl\":\"https:\\\/\\\/mpi.com.es\\\/wp-content\\\/uploads\\\/2014\\\/03\\\/oscilo.jpg\",\"datePublished\":\"2014-03-20T17:53:23+00:00\",\"dateModified\":\"2019-07-28T16:21:08+00:00\",\"description\":\"Printer specialist repair service Brands Printronix Microplex PSI Tallygenicom IBM 6400 and 6500 series Epson HP Sato Intermec on site or laboratory\",\"breadcrumb\":{\"@id\":\"https:\\\/\\\/mpi.com.es\\\/en\\\/services\\\/reparacion\\\/#breadcrumb\"},\"inLanguage\":\"en-US\",\"potentialAction\":[{\"@type\":\"ReadAction\",\"target\":[\"https:\\\/\\\/mpi.com.es\\\/en\\\/services\\\/reparacion\\\/\"]}]},{\"@type\":\"ImageObject\",\"inLanguage\":\"en-US\",\"@id\":\"https:\\\/\\\/mpi.com.es\\\/en\\\/services\\\/reparacion\\\/#primaryimage\",\"url\":\"https:\\\/\\\/mpi.com.es\\\/wp-content\\\/uploads\\\/2014\\\/03\\\/oscilo.jpg\",\"contentUrl\":\"https:\\\/\\\/mpi.com.es\\\/wp-content\\\/uploads\\\/2014\\\/03\\\/oscilo.jpg\",\"width\":1024,\"height\":768},{\"@type\":\"BreadcrumbList\",\"@id\":\"https:\\\/\\\/mpi.com.es\\\/en\\\/services\\\/reparacion\\\/#breadcrumb\",\"itemListElement\":[{\"@type\":\"ListItem\",\"position\":1,\"name\":\"Portada\",\"item\":\"https:\\\/\\\/mpi.com.es\\\/en\\\/\"},{\"@type\":\"ListItem\",\"position\":2,\"name\":\"services\",\"item\":\"https:\\\/\\\/mpi.com.es\\\/en\\\/servicios\\\/\"},{\"@type\":\"ListItem\",\"position\":3,\"name\":\"Service Repair\"}]},{\"@type\":\"WebSite\",\"@id\":\"https:\\\/\\\/mpi.com.es\\\/en\\\/#website\",\"url\":\"https:\\\/\\\/mpi.com.es\\\/en\\\/\",\"name\":\"MPI Mantenimiento Perif\u00e9ricos Inform\u00e1ticos\",\"description\":\"Impresoras Industriales, impresi\u00f3n,alto volumen, mantenimiento, mantenimiento impresoras\",\"publisher\":{\"@id\":\"https:\\\/\\\/mpi.com.es\\\/en\\\/#organization\"},\"potentialAction\":[{\"@type\":\"SearchAction\",\"target\":{\"@type\":\"EntryPoint\",\"urlTemplate\":\"https:\\\/\\\/mpi.com.es\\\/en\\\/?s={search_term_string}\"},\"query-input\":{\"@type\":\"PropertyValueSpecification\",\"valueRequired\":true,\"valueName\":\"search_term_string\"}}],\"inLanguage\":\"en-US\"},{\"@type\":\"Organization\",\"@id\":\"https:\\\/\\\/mpi.com.es\\\/en\\\/#organization\",\"name\":\"Mantenimiento Perif\u00e9ricos Inform\u00e1ticos\",\"url\":\"https:\\\/\\\/mpi.com.es\\\/en\\\/\",\"logo\":{\"@type\":\"ImageObject\",\"inLanguage\":\"en-US\",\"@id\":\"https:\\\/\\\/mpi.com.es\\\/en\\\/#\\\/schema\\\/logo\\\/image\\\/\",\"url\":\"https:\\\/\\\/mpi.com.es\\\/wp-content\\\/uploads\\\/2019\\\/07\\\/LOGONAMING-TRANSP.png\",\"contentUrl\":\"https:\\\/\\\/mpi.com.es\\\/wp-content\\\/uploads\\\/2019\\\/07\\\/LOGONAMING-TRANSP.png\",\"width\":1573,\"height\":431,\"caption\":\"Mantenimiento Perif\u00e9ricos Inform\u00e1ticos\"},\"image\":{\"@id\":\"https:\\\/\\\/mpi.com.es\\\/en\\\/#\\\/schema\\\/logo\\\/image\\\/\"},\"sameAs\":[\"https:\\\/\\\/www.facebook.com\\\/p\\\/Mantenimiento-Perifricos-Informticos-100069020438303\"]}]}<\/script>\n<!-- \/ Yoast SEO Premium plugin. -->","yoast_head_json":{"title":"Service Repair - MPI Mantenimiento Perif\u00e9ricos Inform\u00e1ticos","description":"Printer specialist repair service Brands Printronix Microplex PSI Tallygenicom IBM 6400 and 6500 series Epson HP Sato Intermec on site or laboratory","robots":{"index":"index","follow":"follow","max-snippet":"max-snippet:-1","max-image-preview":"max-image-preview:large","max-video-preview":"max-video-preview:-1"},"canonical":"https:\/\/mpi.com.es\/en\/services\/reparacion\/","og_locale":"en_US","og_type":"article","og_title":"Service Repair","og_description":"Printer specialist repair service Brands Printronix Microplex PSI Tallygenicom IBM 6400 and 6500 series Epson HP Sato Intermec on site or laboratory","og_url":"https:\/\/mpi.com.es\/en\/services\/reparacion\/","og_site_name":"MPI Mantenimiento Perif\u00e9ricos Inform\u00e1ticos","article_publisher":"https:\/\/www.facebook.com\/p\/Mantenimiento-Perifricos-Informticos-100069020438303","article_modified_time":"2019-07-28T16:21:08+00:00","og_image":[{"width":1024,"height":768,"url":"https:\/\/mpi.com.es\/wp-content\/uploads\/2014\/03\/oscilo.jpg","type":"image\/jpeg"}],"twitter_misc":{"Est. reading time":"1 minute"},"schema":{"@context":"https:\/\/schema.org","@graph":[{"@type":"WebPage","@id":"https:\/\/mpi.com.es\/en\/services\/reparacion\/","url":"https:\/\/mpi.com.es\/en\/services\/reparacion\/","name":"Service Repair - MPI Mantenimiento Perif\u00e9ricos Inform\u00e1ticos","isPartOf":{"@id":"https:\/\/mpi.com.es\/en\/#website"},"primaryImageOfPage":{"@id":"https:\/\/mpi.com.es\/en\/services\/reparacion\/#primaryimage"},"image":{"@id":"https:\/\/mpi.com.es\/en\/services\/reparacion\/#primaryimage"},"thumbnailUrl":"https:\/\/mpi.com.es\/wp-content\/uploads\/2014\/03\/oscilo.jpg","datePublished":"2014-03-20T17:53:23+00:00","dateModified":"2019-07-28T16:21:08+00:00","description":"Printer specialist repair service Brands Printronix Microplex PSI Tallygenicom IBM 6400 and 6500 series Epson HP Sato Intermec on site or laboratory","breadcrumb":{"@id":"https:\/\/mpi.com.es\/en\/services\/reparacion\/#breadcrumb"},"inLanguage":"en-US","potentialAction":[{"@type":"ReadAction","target":["https:\/\/mpi.com.es\/en\/services\/reparacion\/"]}]},{"@type":"ImageObject","inLanguage":"en-US","@id":"https:\/\/mpi.com.es\/en\/services\/reparacion\/#primaryimage","url":"https:\/\/mpi.com.es\/wp-content\/uploads\/2014\/03\/oscilo.jpg","contentUrl":"https:\/\/mpi.com.es\/wp-content\/uploads\/2014\/03\/oscilo.jpg","width":1024,"height":768},{"@type":"BreadcrumbList","@id":"https:\/\/mpi.com.es\/en\/services\/reparacion\/#breadcrumb","itemListElement":[{"@type":"ListItem","position":1,"name":"Portada","item":"https:\/\/mpi.com.es\/en\/"},{"@type":"ListItem","position":2,"name":"services","item":"https:\/\/mpi.com.es\/en\/servicios\/"},{"@type":"ListItem","position":3,"name":"Service Repair"}]},{"@type":"WebSite","@id":"https:\/\/mpi.com.es\/en\/#website","url":"https:\/\/mpi.com.es\/en\/","name":"MPI Mantenimiento Perif\u00e9ricos Inform\u00e1ticos","description":"Impresoras Industriales, impresi\u00f3n,alto volumen, mantenimiento, mantenimiento impresoras","publisher":{"@id":"https:\/\/mpi.com.es\/en\/#organization"},"potentialAction":[{"@type":"SearchAction","target":{"@type":"EntryPoint","urlTemplate":"https:\/\/mpi.com.es\/en\/?s={search_term_string}"},"query-input":{"@type":"PropertyValueSpecification","valueRequired":true,"valueName":"search_term_string"}}],"inLanguage":"en-US"},{"@type":"Organization","@id":"https:\/\/mpi.com.es\/en\/#organization","name":"Mantenimiento Perif\u00e9ricos Inform\u00e1ticos","url":"https:\/\/mpi.com.es\/en\/","logo":{"@type":"ImageObject","inLanguage":"en-US","@id":"https:\/\/mpi.com.es\/en\/#\/schema\/logo\/image\/","url":"https:\/\/mpi.com.es\/wp-content\/uploads\/2019\/07\/LOGONAMING-TRANSP.png","contentUrl":"https:\/\/mpi.com.es\/wp-content\/uploads\/2019\/07\/LOGONAMING-TRANSP.png","width":1573,"height":431,"caption":"Mantenimiento Perif\u00e9ricos Inform\u00e1ticos"},"image":{"@id":"https:\/\/mpi.com.es\/en\/#\/schema\/logo\/image\/"},"sameAs":["https:\/\/www.facebook.com\/p\/Mantenimiento-Perifricos-Informticos-100069020438303"]}]}},"_links":{"self":[{"href":"https:\/\/mpi.com.es\/en\/wp-json\/wp\/v2\/pages\/5117","targetHints":{"allow":["GET"]}}],"collection":[{"href":"https:\/\/mpi.com.es\/en\/wp-json\/wp\/v2\/pages"}],"about":[{"href":"https:\/\/mpi.com.es\/en\/wp-json\/wp\/v2\/types\/page"}],"author":[{"embeddable":true,"href":"https:\/\/mpi.com.es\/en\/wp-json\/wp\/v2\/users\/2"}],"replies":[{"embeddable":true,"href":"https:\/\/mpi.com.es\/en\/wp-json\/wp\/v2\/comments?post=5117"}],"version-history":[{"count":7,"href":"https:\/\/mpi.com.es\/en\/wp-json\/wp\/v2\/pages\/5117\/revisions"}],"predecessor-version":[{"id":13238,"href":"https:\/\/mpi.com.es\/en\/wp-json\/wp\/v2\/pages\/5117\/revisions\/13238"}],"up":[{"embeddable":true,"href":"https:\/\/mpi.com.es\/en\/wp-json\/wp\/v2\/pages\/4781"}],"wp:featuredmedia":[{"embeddable":true,"href":"https:\/\/mpi.com.es\/en\/wp-json\/wp\/v2\/media\/3390"}],"wp:attachment":[{"href":"https:\/\/mpi.com.es\/en\/wp-json\/wp\/v2\/media?parent=5117"}],"curies":[{"name":"wp","href":"https:\/\/api.w.org\/{rel}","templated":true}]}}