{"id":5116,"date":"2014-03-20T18:53:45","date_gmt":"2014-03-20T17:53:45","guid":{"rendered":"https:\/\/mpi.com.es\/services\/impresoras-de-ocasion\/"},"modified":"2019-07-28T12:26:58","modified_gmt":"2019-07-28T10:26:58","slug":"impresoras-de-ocasion","status":"publish","type":"page","link":"https:\/\/mpi.com.es\/en\/services\/impresoras-de-ocasion\/","title":{"rendered":"Refurbished printers"},"content":{"rendered":"<h2 style=\"text-align: center;\">Refurbished printers full tested with warranty<\/h2>\n<h3 style=\"text-align: center;\">Second-hand and refurbished printers.<\/h3>\n<hr \/>\n<ul>\n<li>\n<h3><strong><span style=\"color: #339966;\">Office printers:<\/span><\/strong><\/h3>\n<\/li>\n<\/ul>\n<p>Brands: HP, LEXMARK, OKI, EPSON, IBM, DELL among others, <strong><a href=\"https:\/\/mpi.com.es\/contacto\/\">Request updated list.<\/a><\/strong><\/p>\n<ul>\n<li>\n<h3><span style=\"color: #339966;\"><strong>Industrial printers:<\/strong><\/span><\/h3>\n<\/li>\n<\/ul>\n<p>OC\u00c9, PRINTRONIX, IBM, MICROPLEX, ZEBRA, SATO, TEC, INTERMEC, PSI, KERNING,\u00a0 <strong><a href=\"https:\/\/mpi.com.es\/contacto\/\">Request updated list.<\/a><\/strong><\/p>\n<h4><strong><span style=\"color: #3366ff;\">Dot matrix<\/span><\/strong><br \/>\n<strong><span style=\"color: #3366ff;\">Line matrix<\/span><\/strong><br \/>\n<strong><span style=\"color: #3366ff;\">Laser<\/span><\/strong><br \/>\n<strong><span style=\"color: #3366ff;\">Thermal<\/span><\/strong><br \/>\n<strong><span style=\"color: #3366ff;\">OC\u00c9 high production<\/span><\/strong><\/h4>\n<p><a href=\"https:\/\/mpi.com.es\/wp-content\/uploads\/2014\/03\/impresora-kerning-kds3002.jpg\"><img loading=\"lazy\" decoding=\"async\" class=\"alignnone\" src=\"https:\/\/mpi.com.es\/wp-content\/uploads\/2014\/03\/impresora-kerning-kds3002-243x300.jpg\" alt=\"kerning printers\" width=\"139\" height=\"172\" \/>\u00a0 \u00a0 \u00a0 \u00a0 \u00a0 \u00a0 \u00a0<\/a><a href=\"https:\/\/mpi.com.es\/wp-content\/uploads\/2014\/03\/ps440.jpg\"><img loading=\"lazy\" decoding=\"async\" class=\"alignnone\" src=\"https:\/\/mpi.com.es\/wp-content\/uploads\/2014\/03\/ps440.jpg\" alt=\"printers used Oc\u00e9 page stream PS440\" width=\"171\" height=\"172\" \/><\/a><a href=\"https:\/\/mpi.com.es\/wp-content\/uploads\/2014\/03\/impresora-kerning-kds3002.jpg\">\u00a0 \u00a0 \u00a0 \u00a0 \u00a0 \u00a0 \u00a0\u00a0<img loading=\"lazy\" decoding=\"async\" class=\"alignnone\" src=\"https:\/\/mpi.com.es\/wp-content\/uploads\/2014\/04\/family1-300x245.jpg\" alt=\"printronix P5000 Series printers\" width=\"195\" height=\"159\" \/><\/a><\/p>\n<h5><strong><a href=\"https:\/\/www.youtube.com\/watch?v=blK0IxYB4W8\" target=\"_blank\" rel=\"noopener noreferrer\">KDS 300 WATCH VIDEO\u00a0<\/a>\u00a0 \u00a0 <a href=\"https:\/\/www.youtube.com\/watch?v=XoiGgihM558\" target=\"_blank\" rel=\"noopener noreferrer\">OC\u00c9 PS 440 WATCH VIDEO\u00a0<\/a>\u00a0 \u00a0 \u00a0<a href=\"https:\/\/www.youtube.com\/watch?v=E4M3yva_N5E\" target=\"_blank\" rel=\"noopener noreferrer\">\u00a0PRINTRONIX WATCH VIDEO<\/a><\/strong><\/h5>\n<p>All our second-hand printers have a warranty of between 15 days and 6 months depending on the model.<\/p>\n","protected":false},"excerpt":{"rendered":"<p>Refurbished printers full tested with warranty Second-hand and refurbished printers. Office printers: Brands: HP, LEXMARK, OKI, EPSON, IBM, DELL among others, Request updated list. Industrial printers: OC\u00c9, PRINTRONIX, IBM, MICROPLEX,<\/p>\n","protected":false},"author":2,"featured_media":3628,"parent":4781,"menu_order":0,"comment_status":"open","ping_status":"open","template":"","meta":{"_acf_changed":false,"footnotes":""},"class_list":["post-5116","page","type-page","status-publish","has-post-thumbnail","hentry"],"acf":[],"yoast_head":"<!-- This site is optimized with the Yoast SEO Premium plugin v26.5 (Yoast SEO v27.5) - https:\/\/yoast.com\/product\/yoast-seo-premium-wordpress\/ -->\n<title>Venta impresoras de ocasi\u00f3n Reacondicionadas con Garant\u00eda<\/title>\n<meta name=\"description\" content=\"Venta de impresoras de ocasi\u00f3n Especialista en impresoras industriales: Printronix, Zebra, impresoras OC\u00c9, impresoras Microplex, impresoras zebra de ocasi\u00f3n\" \/>\n<meta name=\"robots\" content=\"index, follow, max-snippet:-1, max-image-preview:large, max-video-preview:-1\" \/>\n<link rel=\"canonical\" href=\"https:\/\/mpi.com.es\/en\/services\/impresoras-de-ocasion\/\" \/>\n<meta property=\"og:locale\" content=\"en_US\" \/>\n<meta property=\"og:type\" content=\"article\" \/>\n<meta property=\"og:title\" content=\"Refurbished printers\" \/>\n<meta property=\"og:description\" content=\"Venta de impresoras de ocasi\u00f3n Especialista en impresoras industriales: Printronix, Zebra, impresoras OC\u00c9, impresoras Microplex, impresoras zebra de ocasi\u00f3n\" \/>\n<meta property=\"og:url\" content=\"https:\/\/mpi.com.es\/en\/services\/impresoras-de-ocasion\/\" \/>\n<meta property=\"og:site_name\" content=\"MPI Mantenimiento Perif\u00e9ricos Inform\u00e1ticos\" \/>\n<meta property=\"article:publisher\" content=\"https:\/\/www.facebook.com\/p\/Mantenimiento-Perifricos-Informticos-100069020438303\" \/>\n<meta property=\"article:modified_time\" content=\"2019-07-28T10:26:58+00:00\" \/>\n<meta property=\"og:image\" content=\"https:\/\/mpi.com.es\/wp-content\/uploads\/2014\/03\/ps440.jpg\" \/>\n\t<meta property=\"og:image:width\" content=\"246\" \/>\n\t<meta property=\"og:image:height\" content=\"247\" \/>\n\t<meta property=\"og:image:type\" content=\"image\/jpeg\" \/>\n<script type=\"application\/ld+json\" class=\"yoast-schema-graph\">{\"@context\":\"https:\\\/\\\/schema.org\",\"@graph\":[{\"@type\":\"WebPage\",\"@id\":\"https:\\\/\\\/mpi.com.es\\\/en\\\/services\\\/impresoras-de-ocasion\\\/\",\"url\":\"https:\\\/\\\/mpi.com.es\\\/en\\\/services\\\/impresoras-de-ocasion\\\/\",\"name\":\"Venta impresoras de ocasi\u00f3n Reacondicionadas con Garant\u00eda\",\"isPartOf\":{\"@id\":\"https:\\\/\\\/mpi.com.es\\\/en\\\/#website\"},\"primaryImageOfPage\":{\"@id\":\"https:\\\/\\\/mpi.com.es\\\/en\\\/services\\\/impresoras-de-ocasion\\\/#primaryimage\"},\"image\":{\"@id\":\"https:\\\/\\\/mpi.com.es\\\/en\\\/services\\\/impresoras-de-ocasion\\\/#primaryimage\"},\"thumbnailUrl\":\"https:\\\/\\\/mpi.com.es\\\/wp-content\\\/uploads\\\/2014\\\/03\\\/ps440.jpg\",\"datePublished\":\"2014-03-20T17:53:45+00:00\",\"dateModified\":\"2019-07-28T10:26:58+00:00\",\"description\":\"Venta de impresoras de ocasi\u00f3n Especialista en impresoras industriales: Printronix, Zebra, impresoras OC\u00c9, impresoras Microplex, impresoras zebra de ocasi\u00f3n\",\"breadcrumb\":{\"@id\":\"https:\\\/\\\/mpi.com.es\\\/en\\\/services\\\/impresoras-de-ocasion\\\/#breadcrumb\"},\"inLanguage\":\"en-US\",\"potentialAction\":[{\"@type\":\"ReadAction\",\"target\":[\"https:\\\/\\\/mpi.com.es\\\/en\\\/services\\\/impresoras-de-ocasion\\\/\"]}]},{\"@type\":\"ImageObject\",\"inLanguage\":\"en-US\",\"@id\":\"https:\\\/\\\/mpi.com.es\\\/en\\\/services\\\/impresoras-de-ocasion\\\/#primaryimage\",\"url\":\"https:\\\/\\\/mpi.com.es\\\/wp-content\\\/uploads\\\/2014\\\/03\\\/ps440.jpg\",\"contentUrl\":\"https:\\\/\\\/mpi.com.es\\\/wp-content\\\/uploads\\\/2014\\\/03\\\/ps440.jpg\",\"width\":246,\"height\":247},{\"@type\":\"BreadcrumbList\",\"@id\":\"https:\\\/\\\/mpi.com.es\\\/en\\\/services\\\/impresoras-de-ocasion\\\/#breadcrumb\",\"itemListElement\":[{\"@type\":\"ListItem\",\"position\":1,\"name\":\"Portada\",\"item\":\"https:\\\/\\\/mpi.com.es\\\/en\\\/\"},{\"@type\":\"ListItem\",\"position\":2,\"name\":\"services\",\"item\":\"https:\\\/\\\/mpi.com.es\\\/en\\\/servicios\\\/\"},{\"@type\":\"ListItem\",\"position\":3,\"name\":\"Refurbished printers\"}]},{\"@type\":\"WebSite\",\"@id\":\"https:\\\/\\\/mpi.com.es\\\/en\\\/#website\",\"url\":\"https:\\\/\\\/mpi.com.es\\\/en\\\/\",\"name\":\"MPI Mantenimiento Perif\u00e9ricos Inform\u00e1ticos\",\"description\":\"Impresoras Industriales, impresi\u00f3n,alto volumen, mantenimiento, mantenimiento impresoras\",\"publisher\":{\"@id\":\"https:\\\/\\\/mpi.com.es\\\/en\\\/#organization\"},\"potentialAction\":[{\"@type\":\"SearchAction\",\"target\":{\"@type\":\"EntryPoint\",\"urlTemplate\":\"https:\\\/\\\/mpi.com.es\\\/en\\\/?s={search_term_string}\"},\"query-input\":{\"@type\":\"PropertyValueSpecification\",\"valueRequired\":true,\"valueName\":\"search_term_string\"}}],\"inLanguage\":\"en-US\"},{\"@type\":\"Organization\",\"@id\":\"https:\\\/\\\/mpi.com.es\\\/en\\\/#organization\",\"name\":\"Mantenimiento Perif\u00e9ricos Inform\u00e1ticos\",\"url\":\"https:\\\/\\\/mpi.com.es\\\/en\\\/\",\"logo\":{\"@type\":\"ImageObject\",\"inLanguage\":\"en-US\",\"@id\":\"https:\\\/\\\/mpi.com.es\\\/en\\\/#\\\/schema\\\/logo\\\/image\\\/\",\"url\":\"https:\\\/\\\/mpi.com.es\\\/wp-content\\\/uploads\\\/2019\\\/07\\\/LOGONAMING-TRANSP.png\",\"contentUrl\":\"https:\\\/\\\/mpi.com.es\\\/wp-content\\\/uploads\\\/2019\\\/07\\\/LOGONAMING-TRANSP.png\",\"width\":1573,\"height\":431,\"caption\":\"Mantenimiento Perif\u00e9ricos Inform\u00e1ticos\"},\"image\":{\"@id\":\"https:\\\/\\\/mpi.com.es\\\/en\\\/#\\\/schema\\\/logo\\\/image\\\/\"},\"sameAs\":[\"https:\\\/\\\/www.facebook.com\\\/p\\\/Mantenimiento-Perifricos-Informticos-100069020438303\"]}]}<\/script>\n<!-- \/ Yoast SEO Premium plugin. -->","yoast_head_json":{"title":"Venta impresoras de ocasi\u00f3n Reacondicionadas con Garant\u00eda","description":"Venta de impresoras de ocasi\u00f3n Especialista en impresoras industriales: Printronix, Zebra, impresoras OC\u00c9, impresoras Microplex, impresoras zebra de ocasi\u00f3n","robots":{"index":"index","follow":"follow","max-snippet":"max-snippet:-1","max-image-preview":"max-image-preview:large","max-video-preview":"max-video-preview:-1"},"canonical":"https:\/\/mpi.com.es\/en\/services\/impresoras-de-ocasion\/","og_locale":"en_US","og_type":"article","og_title":"Refurbished printers","og_description":"Venta de impresoras de ocasi\u00f3n Especialista en impresoras industriales: Printronix, Zebra, impresoras OC\u00c9, impresoras Microplex, impresoras zebra de ocasi\u00f3n","og_url":"https:\/\/mpi.com.es\/en\/services\/impresoras-de-ocasion\/","og_site_name":"MPI Mantenimiento Perif\u00e9ricos Inform\u00e1ticos","article_publisher":"https:\/\/www.facebook.com\/p\/Mantenimiento-Perifricos-Informticos-100069020438303","article_modified_time":"2019-07-28T10:26:58+00:00","og_image":[{"width":246,"height":247,"url":"https:\/\/mpi.com.es\/wp-content\/uploads\/2014\/03\/ps440.jpg","type":"image\/jpeg"}],"schema":{"@context":"https:\/\/schema.org","@graph":[{"@type":"WebPage","@id":"https:\/\/mpi.com.es\/en\/services\/impresoras-de-ocasion\/","url":"https:\/\/mpi.com.es\/en\/services\/impresoras-de-ocasion\/","name":"Venta impresoras de ocasi\u00f3n Reacondicionadas con Garant\u00eda","isPartOf":{"@id":"https:\/\/mpi.com.es\/en\/#website"},"primaryImageOfPage":{"@id":"https:\/\/mpi.com.es\/en\/services\/impresoras-de-ocasion\/#primaryimage"},"image":{"@id":"https:\/\/mpi.com.es\/en\/services\/impresoras-de-ocasion\/#primaryimage"},"thumbnailUrl":"https:\/\/mpi.com.es\/wp-content\/uploads\/2014\/03\/ps440.jpg","datePublished":"2014-03-20T17:53:45+00:00","dateModified":"2019-07-28T10:26:58+00:00","description":"Venta de impresoras de ocasi\u00f3n Especialista en impresoras industriales: Printronix, Zebra, impresoras OC\u00c9, impresoras Microplex, impresoras zebra de ocasi\u00f3n","breadcrumb":{"@id":"https:\/\/mpi.com.es\/en\/services\/impresoras-de-ocasion\/#breadcrumb"},"inLanguage":"en-US","potentialAction":[{"@type":"ReadAction","target":["https:\/\/mpi.com.es\/en\/services\/impresoras-de-ocasion\/"]}]},{"@type":"ImageObject","inLanguage":"en-US","@id":"https:\/\/mpi.com.es\/en\/services\/impresoras-de-ocasion\/#primaryimage","url":"https:\/\/mpi.com.es\/wp-content\/uploads\/2014\/03\/ps440.jpg","contentUrl":"https:\/\/mpi.com.es\/wp-content\/uploads\/2014\/03\/ps440.jpg","width":246,"height":247},{"@type":"BreadcrumbList","@id":"https:\/\/mpi.com.es\/en\/services\/impresoras-de-ocasion\/#breadcrumb","itemListElement":[{"@type":"ListItem","position":1,"name":"Portada","item":"https:\/\/mpi.com.es\/en\/"},{"@type":"ListItem","position":2,"name":"services","item":"https:\/\/mpi.com.es\/en\/servicios\/"},{"@type":"ListItem","position":3,"name":"Refurbished printers"}]},{"@type":"WebSite","@id":"https:\/\/mpi.com.es\/en\/#website","url":"https:\/\/mpi.com.es\/en\/","name":"MPI Mantenimiento Perif\u00e9ricos Inform\u00e1ticos","description":"Impresoras Industriales, impresi\u00f3n,alto volumen, mantenimiento, mantenimiento impresoras","publisher":{"@id":"https:\/\/mpi.com.es\/en\/#organization"},"potentialAction":[{"@type":"SearchAction","target":{"@type":"EntryPoint","urlTemplate":"https:\/\/mpi.com.es\/en\/?s={search_term_string}"},"query-input":{"@type":"PropertyValueSpecification","valueRequired":true,"valueName":"search_term_string"}}],"inLanguage":"en-US"},{"@type":"Organization","@id":"https:\/\/mpi.com.es\/en\/#organization","name":"Mantenimiento Perif\u00e9ricos Inform\u00e1ticos","url":"https:\/\/mpi.com.es\/en\/","logo":{"@type":"ImageObject","inLanguage":"en-US","@id":"https:\/\/mpi.com.es\/en\/#\/schema\/logo\/image\/","url":"https:\/\/mpi.com.es\/wp-content\/uploads\/2019\/07\/LOGONAMING-TRANSP.png","contentUrl":"https:\/\/mpi.com.es\/wp-content\/uploads\/2019\/07\/LOGONAMING-TRANSP.png","width":1573,"height":431,"caption":"Mantenimiento Perif\u00e9ricos Inform\u00e1ticos"},"image":{"@id":"https:\/\/mpi.com.es\/en\/#\/schema\/logo\/image\/"},"sameAs":["https:\/\/www.facebook.com\/p\/Mantenimiento-Perifricos-Informticos-100069020438303"]}]}},"_links":{"self":[{"href":"https:\/\/mpi.com.es\/en\/wp-json\/wp\/v2\/pages\/5116","targetHints":{"allow":["GET"]}}],"collection":[{"href":"https:\/\/mpi.com.es\/en\/wp-json\/wp\/v2\/pages"}],"about":[{"href":"https:\/\/mpi.com.es\/en\/wp-json\/wp\/v2\/types\/page"}],"author":[{"embeddable":true,"href":"https:\/\/mpi.com.es\/en\/wp-json\/wp\/v2\/users\/2"}],"replies":[{"embeddable":true,"href":"https:\/\/mpi.com.es\/en\/wp-json\/wp\/v2\/comments?post=5116"}],"version-history":[{"count":34,"href":"https:\/\/mpi.com.es\/en\/wp-json\/wp\/v2\/pages\/5116\/revisions"}],"predecessor-version":[{"id":13222,"href":"https:\/\/mpi.com.es\/en\/wp-json\/wp\/v2\/pages\/5116\/revisions\/13222"}],"up":[{"embeddable":true,"href":"https:\/\/mpi.com.es\/en\/wp-json\/wp\/v2\/pages\/4781"}],"wp:featuredmedia":[{"embeddable":true,"href":"https:\/\/mpi.com.es\/en\/wp-json\/wp\/v2\/media\/3628"}],"wp:attachment":[{"href":"https:\/\/mpi.com.es\/en\/wp-json\/wp\/v2\/media?parent=5116"}],"curies":[{"name":"wp","href":"https:\/\/api.w.org\/{rel}","templated":true}]}}