{"id":5087,"date":"2015-06-08T07:32:24","date_gmt":"2015-06-08T05:32:24","guid":{"rendered":"https:\/\/mpi.com.es\/politica-de-privacidad\/"},"modified":"2021-01-10T11:09:36","modified_gmt":"2021-01-10T10:09:36","slug":"politica-de-privacidad","status":"publish","type":"page","link":"https:\/\/mpi.com.es\/en\/politica-de-privacidad\/","title":{"rendered":"Privacy Policy"},"content":{"rendered":"<p><strong>PRIVACY POLICY<\/strong><\/p>\n<p>MANTENIMIENTOS PERIF\u00c9RICOS INFORM\u00c1TICOS, SL, as the Data Controller, informs you that, in accordance with Regulation (EU) 2016\/679, of April 27, 2016, on the protection of personal data (GDPR), we will treat your data as We reflect in this Privacy Policy.<\/p>\n<p>In this Privacy Policy we describe how we collect your personal data and why we collect them, what we do with them, with whom we share them, how we protect them and their options regarding the processing of your personal data.<\/p>\n<p>This Policy applies to the processing of your personal data collected by the company for the provision of its services. If you accept the measures of this Policy, you accept that we treat your personal data as defined in this Policy.<\/p>\n<p><strong>CONTACT<\/strong><\/p>\n<p>Company name: MANTENIMIENTO PERIF\u00c9RICOS INFORM\u00c1TICOS, S.L. Trade name: MANTENIMIENTO PERIF\u00c9RICOS INFORM\u00c1TICOS, S.L. CIF: B84726405<br \/>\nAddress: C\/CANTERAS 22 , 28860 PARACUELLOS DEL JARAMA (MADRID) Phone: 917481604<br \/>\ne-mail: <a href=\"mailto:info@mpi.com.es\">info@mpi.com.es<\/a><br \/>\nDpo:<\/p>\n<p><strong>PRINCIPIOS CLAVE<\/strong><\/p>\n<p>We have always been committed to providing our services with the highest degree of quality, which includes treating your data with security and transparency. Our principles are:<\/p>\n<p><strong>Legal<\/strong>: We will only collect your Personal Data for specific, explicit and legitimate purposes.<\/p>\n<p><strong>Data minimization<\/strong>: We limit the collection of personal data to what is strictly relevant and necessary for the purposes for which they have been collected.<\/p>\n<p><strong>Limitation of Purpose<\/strong>: We will only collect your personal data for the stated purposes and only according to your wishes.<\/p>\n<p><strong>Precision<\/strong>: We will keep your personal data accurate and updated.<\/p>\n<p><strong>Data security<\/strong>: We apply the appropriate technical and organizational measures and proportional to the risks to ensure that your data does not suffer damage, such as disclosure or unauthorized access, accidental or illegal destruction or accidental loss or alteration and any other form of illicit treatment.<\/p>\n<p><strong>Access and Rectification<\/strong>: We have the means to access or rectify your data when deemed appropriate.<\/p>\n<p><strong>Conservation<\/strong>: We retain your personal data in a legal and appropriate manner and only as long as it is necessary for the purposes for which they have been collected.<\/p>\n<p><strong>International transfers<\/strong>: <span lang=\"en\" tabindex=\"0\">When it is the case that your data will be transferred outside the EU \/ EEA, they will be adequately protected. <\/span><\/p>\n<p><span lang=\"en\" tabindex=\"0\"><strong>Third parties: <\/strong>The access and transfer of personal data to third parties are carried out in accordance with the applicable laws and regulations and with the appropriate contractual guarantees. <\/span><\/p>\n<p><span lang=\"en\" tabindex=\"0\"><strong>Direct Marketing and cookies: <\/strong>We comply with the applicable legislation on advertising and cookies. <\/span><\/p>\n<p><strong><span lang=\"en\" tabindex=\"0\">COLLECTION AND TREATMENT OF YOUR PERSONAL DATA<\/span><\/strong><\/p>\n<p><span lang=\"en\" tabindex=\"0\">The types of data that are requested and processed are: Identification data, personal characteristics and social circumstances. Economic data, if applicable. <\/span><\/p>\n<p><span lang=\"en\" tabindex=\"0\">We also automatically collect data about your visit to our website as described in the cookie policy. <\/span><\/p>\n<p><span lang=\"en\" tabindex=\"0\">Whenever we request your Personal Data, we will clearly inform you of what personal data we collect and for what purpose. In general, we collect and process your personal data with the purpose of: <\/span><\/p>\n<p><span lang=\"en\" tabindex=\"0\">Provide information about our products and services. Sending communications Respond to your questions and requests<\/span><\/p>\n<p><strong><span lang=\"en\" tabindex=\"0\">LEGITIMACY <\/span><\/strong><\/p>\n<p><span lang=\"en\" tabindex=\"0\">In accordance with the applicable data protection regulations, your personal data may be treated provided that: <\/span><\/p>\n<p><span lang=\"en\" tabindex=\"0\">You have given us your consent for the purposes of treatment, consent that you can withdraw at any time.<\/span><\/p>\n<p>It is necessary for the provision of any of our services through a contractual relationship between you and us.<\/p>\n<p>For a legitimate interest according to the purposes addressed.<\/p>\n<p>Be required by law.<\/p>\n<p><strong>COMMUNICATION OF PERSONAL DATA <\/strong><\/p>\n<p>The data can be communicated to companies related to <strong>MANTENIMIENTO PERIF\u00c9RICOS INFORM\u00c1TICOS, S.L.<\/strong> for the provision of the various services as Treatment Managers. The company will not make any assignment, except by legal obligation.<\/p>\n<p><strong>YOUR RIGHTS <\/strong><\/p>\n<p>In relation to the collection and processing of your personal data, you can contact us at any time to:<\/p>\n<p>Access your personal data and any other information indicated in Article 15.1 of the GDPR.<\/p>\n<p>Rectify your personal data that is inaccurate or incomplete in accordance with Article 16 of the GDPR<\/p>\n<p>Delete your personal data in accordance with Article 17 of the GDPR. Limit the processing of your personal data in accordance with Article 18 of the GDPR. Request the portability of your data in accordance with Article 20 of the GDPR.<\/p>\n<p>Oppose the processing of your personal data in accordance with Article 21 of the GDPR.<\/p>\n<p id=\"tw-target-text\" class=\"tw-data-text tw-ta tw-text-small\" dir=\"ltr\" data-placeholder=\"Traducci\u00f3n\"><span lang=\"en\" tabindex=\"0\">If you have given your consent for any specific purpose, you have the right to withdraw the consent granted at any time, without affecting the legality of the treatment based on the consent prior to your withdrawal. <\/span><\/p>\n<p class=\"tw-data-text tw-ta tw-text-small\" dir=\"ltr\" data-placeholder=\"Traducci\u00f3n\"><span lang=\"en\" tabindex=\"0\">You can exercise these rights by sending motivated and accredited communication to info@mpi.com.es <\/span><\/p>\n<p class=\"tw-data-text tw-ta tw-text-small\" dir=\"ltr\" data-placeholder=\"Traducci\u00f3n\"><span lang=\"en\" tabindex=\"0\">You also have the right to file a claim with the Competent Control Authority (www.aepd.es) if you consider that the treatment does not comply with current regulations. <\/span><\/p>\n<p class=\"tw-data-text tw-ta tw-text-small\" dir=\"ltr\" data-placeholder=\"Traducci\u00f3n\"><strong><span lang=\"en\" tabindex=\"0\">LEGAL INFORMATION <\/span><\/strong><\/p>\n<p class=\"tw-data-text tw-ta tw-text-small\" dir=\"ltr\" data-placeholder=\"Traducci\u00f3n\"><span lang=\"en\" tabindex=\"0\">The requirements of this Policy complement, and do not replace, any other requirement existing under the applicable data protection law, which will prevail in any case. <\/span><\/p>\n<p class=\"tw-data-text tw-ta tw-text-small\" dir=\"ltr\" data-placeholder=\"Traducci\u00f3n\"><span lang=\"en\" tabindex=\"0\">This Policy is subject to periodic reviews and the company may modify it at any time. When this occurs, we will notify you of any changes and ask you to reread the most recent version of our Policy and confirm your acceptance. <\/span><\/p>\n<p class=\"tw-data-text tw-ta tw-text-small\" dir=\"ltr\" data-placeholder=\"Traducci\u00f3n\"><span lang=\"en\" tabindex=\"0\">Last update: June 2018.<\/span><\/p>\n","protected":false},"excerpt":{"rendered":"<p>PRIVACY POLICY MANTENIMIENTOS PERIF\u00c9RICOS INFORM\u00c1TICOS, SL, as the Data Controller, informs you that, in accordance with Regulation (EU) 2016\/679, of April 27, 2016, on the protection of personal data (GDPR),<\/p>\n","protected":false},"author":1,"featured_media":0,"parent":0,"menu_order":0,"comment_status":"open","ping_status":"open","template":"","meta":{"_acf_changed":false,"footnotes":""},"class_list":["post-5087","page","type-page","status-publish","hentry"],"acf":[],"yoast_head":"<!-- This site is optimized with the Yoast SEO Premium plugin v26.5 (Yoast SEO v27.4) - https:\/\/yoast.com\/product\/yoast-seo-premium-wordpress\/ -->\n<title>Privacy Policy - MPI Mantenimiento Perif\u00e9ricos Inform\u00e1ticos<\/title>\n<meta name=\"robots\" content=\"noindex, follow\" \/>\n<meta property=\"og:locale\" content=\"en_US\" \/>\n<meta property=\"og:type\" content=\"article\" \/>\n<meta property=\"og:title\" content=\"Privacy Policy\" \/>\n<meta property=\"og:description\" content=\"PRIVACY POLICY MANTENIMIENTOS PERIF\u00c9RICOS INFORM\u00c1TICOS, SL, as the Data Controller, informs you that, in accordance with Regulation (EU) 2016\/679, of April 27, 2016, on the protection of personal data (GDPR),\" \/>\n<meta property=\"og:url\" content=\"https:\/\/mpi.com.es\/en\/politica-de-privacidad\/\" \/>\n<meta property=\"og:site_name\" content=\"MPI Mantenimiento Perif\u00e9ricos Inform\u00e1ticos\" \/>\n<meta property=\"article:publisher\" content=\"https:\/\/www.facebook.com\/p\/Mantenimiento-Perifricos-Informticos-100069020438303\" \/>\n<meta property=\"article:modified_time\" content=\"2021-01-10T10:09:36+00:00\" \/>\n<meta name=\"twitter:label1\" content=\"Est. reading time\" \/>\n\t<meta name=\"twitter:data1\" content=\"4 minutes\" \/>\n<script type=\"application\/ld+json\" class=\"yoast-schema-graph\">{\"@context\":\"https:\\\/\\\/schema.org\",\"@graph\":[{\"@type\":\"WebPage\",\"@id\":\"https:\\\/\\\/mpi.com.es\\\/en\\\/politica-de-privacidad\\\/\",\"url\":\"https:\\\/\\\/mpi.com.es\\\/en\\\/politica-de-privacidad\\\/\",\"name\":\"Privacy Policy - MPI Mantenimiento Perif\u00e9ricos Inform\u00e1ticos\",\"isPartOf\":{\"@id\":\"https:\\\/\\\/mpi.com.es\\\/en\\\/#website\"},\"datePublished\":\"2015-06-08T05:32:24+00:00\",\"dateModified\":\"2021-01-10T10:09:36+00:00\",\"breadcrumb\":{\"@id\":\"https:\\\/\\\/mpi.com.es\\\/en\\\/politica-de-privacidad\\\/#breadcrumb\"},\"inLanguage\":\"en-US\",\"potentialAction\":[{\"@type\":\"ReadAction\",\"target\":[\"https:\\\/\\\/mpi.com.es\\\/en\\\/politica-de-privacidad\\\/\"]}]},{\"@type\":\"BreadcrumbList\",\"@id\":\"https:\\\/\\\/mpi.com.es\\\/en\\\/politica-de-privacidad\\\/#breadcrumb\",\"itemListElement\":[{\"@type\":\"ListItem\",\"position\":1,\"name\":\"Portada\",\"item\":\"https:\\\/\\\/mpi.com.es\\\/en\\\/\"},{\"@type\":\"ListItem\",\"position\":2,\"name\":\"Privacy Policy\"}]},{\"@type\":\"WebSite\",\"@id\":\"https:\\\/\\\/mpi.com.es\\\/en\\\/#website\",\"url\":\"https:\\\/\\\/mpi.com.es\\\/en\\\/\",\"name\":\"MPI Mantenimiento Perif\u00e9ricos Inform\u00e1ticos\",\"description\":\"Impresoras Industriales, impresi\u00f3n,alto volumen, mantenimiento, mantenimiento impresoras\",\"publisher\":{\"@id\":\"https:\\\/\\\/mpi.com.es\\\/en\\\/#organization\"},\"potentialAction\":[{\"@type\":\"SearchAction\",\"target\":{\"@type\":\"EntryPoint\",\"urlTemplate\":\"https:\\\/\\\/mpi.com.es\\\/en\\\/?s={search_term_string}\"},\"query-input\":{\"@type\":\"PropertyValueSpecification\",\"valueRequired\":true,\"valueName\":\"search_term_string\"}}],\"inLanguage\":\"en-US\"},{\"@type\":\"Organization\",\"@id\":\"https:\\\/\\\/mpi.com.es\\\/en\\\/#organization\",\"name\":\"Mantenimiento Perif\u00e9ricos Inform\u00e1ticos\",\"url\":\"https:\\\/\\\/mpi.com.es\\\/en\\\/\",\"logo\":{\"@type\":\"ImageObject\",\"inLanguage\":\"en-US\",\"@id\":\"https:\\\/\\\/mpi.com.es\\\/en\\\/#\\\/schema\\\/logo\\\/image\\\/\",\"url\":\"https:\\\/\\\/mpi.com.es\\\/wp-content\\\/uploads\\\/2019\\\/07\\\/LOGONAMING-TRANSP.png\",\"contentUrl\":\"https:\\\/\\\/mpi.com.es\\\/wp-content\\\/uploads\\\/2019\\\/07\\\/LOGONAMING-TRANSP.png\",\"width\":1573,\"height\":431,\"caption\":\"Mantenimiento Perif\u00e9ricos Inform\u00e1ticos\"},\"image\":{\"@id\":\"https:\\\/\\\/mpi.com.es\\\/en\\\/#\\\/schema\\\/logo\\\/image\\\/\"},\"sameAs\":[\"https:\\\/\\\/www.facebook.com\\\/p\\\/Mantenimiento-Perifricos-Informticos-100069020438303\"]}]}<\/script>\n<!-- \/ Yoast SEO Premium plugin. -->","yoast_head_json":{"title":"Privacy Policy - MPI Mantenimiento Perif\u00e9ricos Inform\u00e1ticos","robots":{"index":"noindex","follow":"follow"},"og_locale":"en_US","og_type":"article","og_title":"Privacy Policy","og_description":"PRIVACY POLICY MANTENIMIENTOS PERIF\u00c9RICOS INFORM\u00c1TICOS, SL, as the Data Controller, informs you that, in accordance with Regulation (EU) 2016\/679, of April 27, 2016, on the protection of personal data (GDPR),","og_url":"https:\/\/mpi.com.es\/en\/politica-de-privacidad\/","og_site_name":"MPI Mantenimiento Perif\u00e9ricos Inform\u00e1ticos","article_publisher":"https:\/\/www.facebook.com\/p\/Mantenimiento-Perifricos-Informticos-100069020438303","article_modified_time":"2021-01-10T10:09:36+00:00","twitter_misc":{"Est. reading time":"4 minutes"},"schema":{"@context":"https:\/\/schema.org","@graph":[{"@type":"WebPage","@id":"https:\/\/mpi.com.es\/en\/politica-de-privacidad\/","url":"https:\/\/mpi.com.es\/en\/politica-de-privacidad\/","name":"Privacy Policy - MPI Mantenimiento Perif\u00e9ricos Inform\u00e1ticos","isPartOf":{"@id":"https:\/\/mpi.com.es\/en\/#website"},"datePublished":"2015-06-08T05:32:24+00:00","dateModified":"2021-01-10T10:09:36+00:00","breadcrumb":{"@id":"https:\/\/mpi.com.es\/en\/politica-de-privacidad\/#breadcrumb"},"inLanguage":"en-US","potentialAction":[{"@type":"ReadAction","target":["https:\/\/mpi.com.es\/en\/politica-de-privacidad\/"]}]},{"@type":"BreadcrumbList","@id":"https:\/\/mpi.com.es\/en\/politica-de-privacidad\/#breadcrumb","itemListElement":[{"@type":"ListItem","position":1,"name":"Portada","item":"https:\/\/mpi.com.es\/en\/"},{"@type":"ListItem","position":2,"name":"Privacy Policy"}]},{"@type":"WebSite","@id":"https:\/\/mpi.com.es\/en\/#website","url":"https:\/\/mpi.com.es\/en\/","name":"MPI Mantenimiento Perif\u00e9ricos Inform\u00e1ticos","description":"Impresoras Industriales, impresi\u00f3n,alto volumen, mantenimiento, mantenimiento impresoras","publisher":{"@id":"https:\/\/mpi.com.es\/en\/#organization"},"potentialAction":[{"@type":"SearchAction","target":{"@type":"EntryPoint","urlTemplate":"https:\/\/mpi.com.es\/en\/?s={search_term_string}"},"query-input":{"@type":"PropertyValueSpecification","valueRequired":true,"valueName":"search_term_string"}}],"inLanguage":"en-US"},{"@type":"Organization","@id":"https:\/\/mpi.com.es\/en\/#organization","name":"Mantenimiento Perif\u00e9ricos Inform\u00e1ticos","url":"https:\/\/mpi.com.es\/en\/","logo":{"@type":"ImageObject","inLanguage":"en-US","@id":"https:\/\/mpi.com.es\/en\/#\/schema\/logo\/image\/","url":"https:\/\/mpi.com.es\/wp-content\/uploads\/2019\/07\/LOGONAMING-TRANSP.png","contentUrl":"https:\/\/mpi.com.es\/wp-content\/uploads\/2019\/07\/LOGONAMING-TRANSP.png","width":1573,"height":431,"caption":"Mantenimiento Perif\u00e9ricos Inform\u00e1ticos"},"image":{"@id":"https:\/\/mpi.com.es\/en\/#\/schema\/logo\/image\/"},"sameAs":["https:\/\/www.facebook.com\/p\/Mantenimiento-Perifricos-Informticos-100069020438303"]}]}},"_links":{"self":[{"href":"https:\/\/mpi.com.es\/en\/wp-json\/wp\/v2\/pages\/5087","targetHints":{"allow":["GET"]}}],"collection":[{"href":"https:\/\/mpi.com.es\/en\/wp-json\/wp\/v2\/pages"}],"about":[{"href":"https:\/\/mpi.com.es\/en\/wp-json\/wp\/v2\/types\/page"}],"author":[{"embeddable":true,"href":"https:\/\/mpi.com.es\/en\/wp-json\/wp\/v2\/users\/1"}],"replies":[{"embeddable":true,"href":"https:\/\/mpi.com.es\/en\/wp-json\/wp\/v2\/comments?post=5087"}],"version-history":[{"count":4,"href":"https:\/\/mpi.com.es\/en\/wp-json\/wp\/v2\/pages\/5087\/revisions"}],"predecessor-version":[{"id":15576,"href":"https:\/\/mpi.com.es\/en\/wp-json\/wp\/v2\/pages\/5087\/revisions\/15576"}],"wp:attachment":[{"href":"https:\/\/mpi.com.es\/en\/wp-json\/wp\/v2\/media?parent=5087"}],"curies":[{"name":"wp","href":"https:\/\/api.w.org\/{rel}","templated":true}]}}