{"id":4815,"date":"2018-04-04T09:56:51","date_gmt":"2018-04-04T07:56:51","guid":{"rendered":"https:\/\/mpi.com.es\/?page_id=4815"},"modified":"2019-07-27T20:36:02","modified_gmt":"2019-07-27T18:36:02","slug":"our-brands","status":"publish","type":"page","link":"https:\/\/mpi.com.es\/en\/our-brands\/","title":{"rendered":"Our brands"},"content":{"rendered":"<h1 style=\"text-align: center;\">PROFESSIONAL PRINTING SOLUTIONS<\/h1>\n<p style=\"text-align: left;\">We distribute<strong> first quality <\/strong>professional equipment<strong>;\u00a0<\/strong>We represent only the\u00a0<strong>leading brands<\/strong>\u00a0that during our long experience have shown us the best response to the needs of our customers.<\/p>\n<div class=\"row shc-lista-marcas mt-5 mb-5\"><div class=\"col-md-3 columns shc-marca mt-2 mb-2\"><div class=\"card marca-card\" style=\"\"><div class=\"text-center card-img-brand-container\"><a href=\"https:\/\/mpi.com.es\/en\/brand\/bixolon-en\/\"><img decoding=\"async\" class=\"card-img-brand img\" src=\"https:\/\/mpi.com.es\/wp-content\/uploads\/2019\/10\/LOGO_BIXOLON_EN-240x39.jpg\" alt=\"BIXOLON\"><\/a><\/div><p class=\"text-center\">BIXOLON<\/p><\/div><\/div><div class=\"col-md-3 columns shc-marca mt-2 mb-2\"><div class=\"card marca-card\" style=\"\"><div class=\"text-center card-img-brand-container\"><a href=\"https:\/\/mpi.com.es\/en\/brand\/brother-en\/\"><img decoding=\"async\" class=\"card-img-brand img\" src=\"https:\/\/mpi.com.es\/wp-content\/uploads\/2020\/03\/brother-logo-240x53.png\" alt=\"Brother\"><\/a><\/div><p class=\"text-center\">Brother<\/p><\/div><\/div><div class=\"col-md-3 columns shc-marca mt-2 mb-2\"><div class=\"card marca-card\" style=\"\"><div class=\"text-center card-img-brand-container\"><a href=\"https:\/\/mpi.com.es\/en\/brand\/compuprint-en\/\"><img decoding=\"async\" class=\"card-img-brand img\" src=\"https:\/\/mpi.com.es\/wp-content\/uploads\/2014\/10\/compuprint1-240x96.jpg\" alt=\"Compuprint\"><\/a><\/div><p class=\"text-center\">Compuprint<\/p><\/div><\/div><div class=\"col-md-3 columns shc-marca mt-2 mb-2\"><div class=\"card marca-card\" style=\"\"><div class=\"text-center card-img-brand-container\"><a href=\"https:\/\/mpi.com.es\/en\/brand\/datalogic-en\/\"><img decoding=\"async\" class=\"card-img-brand img\" src=\"https:\/\/mpi.com.es\/wp-content\/uploads\/2014\/03\/logo-new.jpg\" alt=\"Datalogic\"><\/a><\/div><p class=\"text-center\">Datalogic<\/p><\/div><\/div><div class=\"col-md-3 columns shc-marca mt-2 mb-2\"><div class=\"card marca-card\" style=\"\"><div class=\"text-center card-img-brand-container\"><a href=\"https:\/\/mpi.com.es\/en\/brand\/datamax-oneil-en\/\"><img decoding=\"async\" class=\"card-img-brand img\" src=\"https:\/\/mpi.com.es\/wp-content\/uploads\/2019\/10\/logo-datamax-oneil-240x176.png\" alt=\"Datamax O'neil\"><\/a><\/div><p class=\"text-center\">Datamax O'neil<\/p><\/div><\/div><div class=\"col-md-3 columns shc-marca mt-2 mb-2\"><div class=\"card marca-card\" style=\"\"><div class=\"text-center card-img-brand-container\"><a href=\"https:\/\/mpi.com.es\/en\/brand\/datamax-printers\/\"><img decoding=\"async\" class=\"card-img-brand img\" src=\"\" alt=\"Datamax Printers\"><\/a><\/div><p class=\"text-center\">Datamax Printers<\/p><\/div><\/div><div class=\"col-md-3 columns shc-marca mt-2 mb-2\"><div class=\"card marca-card\" style=\"\"><div class=\"text-center card-img-brand-container\"><a href=\"https:\/\/mpi.com.es\/en\/brand\/datamax-printheads\/\"><img decoding=\"async\" class=\"card-img-brand img\" src=\"\" alt=\"Datamax Printheads\"><\/a><\/div><p class=\"text-center\">Datamax Printheads<\/p><\/div><\/div><div class=\"col-md-3 columns shc-marca mt-2 mb-2\"><div class=\"card marca-card\" style=\"\"><div class=\"text-center card-img-brand-container\"><a href=\"https:\/\/mpi.com.es\/en\/brand\/epson-en\/\"><img decoding=\"async\" class=\"card-img-brand img\" src=\"https:\/\/mpi.com.es\/wp-content\/uploads\/2016\/02\/logo-epson.png\" alt=\"Epson\"><\/a><\/div><p class=\"text-center\">Epson<\/p><\/div><\/div><div class=\"col-md-3 columns shc-marca mt-2 mb-2\"><div class=\"card marca-card\" style=\"\"><div class=\"text-center card-img-brand-container\"><a href=\"https:\/\/mpi.com.es\/en\/brand\/eticoncept-en\/\"><img decoding=\"async\" class=\"card-img-brand img\" src=\"https:\/\/mpi.com.es\/wp-content\/uploads\/2015\/09\/logo.jpg\" alt=\"Eticoncept\"><\/a><\/div><p class=\"text-center\">Eticoncept<\/p><\/div><\/div><div class=\"col-md-3 columns shc-marca mt-2 mb-2\"><div class=\"card marca-card\" style=\"\"><div class=\"text-center card-img-brand-container\"><a href=\"https:\/\/mpi.com.es\/en\/brand\/fujitsu-en\/\"><img decoding=\"async\" class=\"card-img-brand img\" src=\"https:\/\/mpi.com.es\/wp-content\/uploads\/2022\/09\/Fujitsu-DL--240x149.jpg\" alt=\"Fujitsu\"><\/a><\/div><p class=\"text-center\">Fujitsu<\/p><\/div><\/div><div class=\"col-md-3 columns shc-marca mt-2 mb-2\"><div class=\"card marca-card\" style=\"\"><div class=\"text-center card-img-brand-container\"><a href=\"https:\/\/mpi.com.es\/en\/brand\/honeywell-en\/\"><img decoding=\"async\" class=\"card-img-brand img\" src=\"https:\/\/mpi.com.es\/wp-content\/uploads\/2014\/03\/Honeywell.gif\" alt=\"Honeywell\"><\/a><\/div><p class=\"text-center\">Honeywell<\/p><\/div><\/div><div class=\"col-md-3 columns shc-marca mt-2 mb-2\"><div class=\"card marca-card\" style=\"\"><div class=\"text-center card-img-brand-container\"><a href=\"https:\/\/mpi.com.es\/en\/brand\/ibm-en\/\"><img decoding=\"async\" class=\"card-img-brand img\" src=\"https:\/\/mpi.com.es\/wp-content\/uploads\/2017\/02\/IBM-low.png\" alt=\"IBM\"><\/a><\/div><p class=\"text-center\">IBM<\/p><\/div><\/div><div class=\"col-md-3 columns shc-marca mt-2 mb-2\"><div class=\"card marca-card\" style=\"\"><div class=\"text-center card-img-brand-container\"><a href=\"https:\/\/mpi.com.es\/en\/brand\/infoprint-6500-en\/\"><img decoding=\"async\" class=\"card-img-brand img\" src=\"https:\/\/mpi.com.es\/wp-content\/uploads\/2017\/02\/infoprint.png\" alt=\"Infoprint\"><\/a><\/div><p class=\"text-center\">Infoprint<\/p><\/div><\/div><div class=\"col-md-3 columns shc-marca mt-2 mb-2\"><div class=\"card marca-card\" style=\"\"><div class=\"text-center card-img-brand-container\"><a href=\"https:\/\/mpi.com.es\/en\/brand\/intermec-en\/\"><img decoding=\"async\" class=\"card-img-brand img\" src=\"https:\/\/mpi.com.es\/wp-content\/uploads\/2016\/05\/Logo-Intermec-240x56.png\" alt=\"Intermec\"><\/a><\/div><p class=\"text-center\">Intermec<\/p><\/div><\/div><div class=\"col-md-3 columns shc-marca mt-2 mb-2\"><div class=\"card marca-card\" style=\"\"><div class=\"text-center card-img-brand-container\"><a href=\"https:\/\/mpi.com.es\/en\/brand\/kerning-en\/\"><img decoding=\"async\" class=\"card-img-brand img\" src=\"https:\/\/mpi.com.es\/wp-content\/uploads\/2019\/05\/LOGO-KERNING.png\" alt=\"KERNING\"><\/a><\/div><p class=\"text-center\">KERNING<\/p><\/div><\/div><div class=\"col-md-3 columns shc-marca mt-2 mb-2\"><div class=\"card marca-card\" style=\"\"><div class=\"text-center card-img-brand-container\"><a href=\"https:\/\/mpi.com.es\/en\/brand\/lexmark-en\/\"><img decoding=\"async\" class=\"card-img-brand img\" src=\"https:\/\/mpi.com.es\/wp-content\/uploads\/2017\/09\/Lexmark-logo.png\" alt=\"LEXMARK\"><\/a><\/div><p class=\"text-center\">LEXMARK<\/p><\/div><\/div><div class=\"col-md-3 columns shc-marca mt-2 mb-2\"><div class=\"card marca-card\" style=\"\"><div class=\"text-center card-img-brand-container\"><a href=\"https:\/\/mpi.com.es\/en\/brand\/microplex-en\/\"><img decoding=\"async\" class=\"card-img-brand img\" src=\"https:\/\/mpi.com.es\/wp-content\/uploads\/2017\/06\/Microplex_c94_m47_y11_k45_1000px-240x48.jpg\" alt=\"Microplex\"><\/a><\/div><p class=\"text-center\">Microplex<\/p><\/div><\/div><div class=\"col-md-3 columns shc-marca mt-2 mb-2\"><div class=\"card marca-card\" style=\"\"><div class=\"text-center card-img-brand-container\"><a href=\"https:\/\/mpi.com.es\/en\/brand\/mpi-tech-en\/\"><img decoding=\"async\" class=\"card-img-brand img\" src=\"https:\/\/mpi.com.es\/wp-content\/uploads\/2014\/10\/MPItech-Logo.png\" alt=\"Mpi Tech\"><\/a><\/div><p class=\"text-center\">Mpi Tech<\/p><\/div><\/div><div class=\"col-md-3 columns shc-marca mt-2 mb-2\"><div class=\"card marca-card\" style=\"\"><div class=\"text-center card-img-brand-container\"><a href=\"https:\/\/mpi.com.es\/en\/brand\/nipson-en\/\"><img decoding=\"async\" class=\"card-img-brand img\" src=\"https:\/\/mpi.com.es\/wp-content\/uploads\/2017\/12\/NIPSON-2-1-240x76.png\" alt=\"Nipson\"><\/a><\/div><p class=\"text-center\">Nipson<\/p><\/div><\/div><div class=\"col-md-3 columns shc-marca mt-2 mb-2\"><div class=\"card marca-card\" style=\"\"><div class=\"text-center card-img-brand-container\"><a href=\"https:\/\/mpi.com.es\/en\/brand\/oce-en\/\"><img decoding=\"async\" class=\"card-img-brand img\" src=\"https:\/\/mpi.com.es\/wp-content\/uploads\/2014\/10\/oce-logo-240x171.jpg\" alt=\"OCE\"><\/a><\/div><p class=\"text-center\">OCE<\/p><\/div><\/div><div class=\"col-md-3 columns shc-marca mt-2 mb-2\"><div class=\"card marca-card\" style=\"\"><div class=\"text-center card-img-brand-container\"><a href=\"https:\/\/mpi.com.es\/en\/brand\/matriciales-oki-en\/\"><img decoding=\"async\" class=\"card-img-brand img\" src=\"https:\/\/mpi.com.es\/wp-content\/uploads\/2017\/09\/OKI-Logo-2015.jpg\" alt=\"OKI\"><\/a><\/div><p class=\"text-center\">OKI<\/p><\/div><\/div><div class=\"col-md-3 columns shc-marca mt-2 mb-2\"><div class=\"card marca-card\" style=\"\"><div class=\"text-center card-img-brand-container\"><a href=\"https:\/\/mpi.com.es\/en\/brand\/primera-en\/\"><img decoding=\"async\" class=\"card-img-brand img\" src=\"https:\/\/mpi.com.es\/wp-content\/uploads\/2019\/07\/LOGO-1-240x71.png\" alt=\"Primera\"><\/a><\/div><p class=\"text-center\">Primera<\/p><\/div><\/div><div class=\"col-md-3 columns shc-marca mt-2 mb-2\"><div class=\"card marca-card\" style=\"\"><div class=\"text-center card-img-brand-container\"><a href=\"https:\/\/mpi.com.es\/en\/brand\/printronix-autoid-en\/\"><img decoding=\"async\" class=\"card-img-brand img\" src=\"https:\/\/mpi.com.es\/wp-content\/uploads\/2016\/03\/logo-240x74.jpg\" alt=\"Printronix AutoID\"><\/a><\/div><p class=\"text-center\">Printronix AutoID<\/p><\/div><\/div><div class=\"col-md-3 columns shc-marca mt-2 mb-2\"><div class=\"card marca-card\" style=\"\"><div class=\"text-center card-img-brand-container\"><a href=\"https:\/\/mpi.com.es\/en\/brand\/printronix-en\/\"><img decoding=\"async\" class=\"card-img-brand img\" src=\"https:\/\/mpi.com.es\/wp-content\/uploads\/2014\/03\/printronix-logo.png\" alt=\"Printronix Printer\"><\/a><\/div><p class=\"text-center\">Printronix Printer<\/p><\/div><\/div><div class=\"col-md-3 columns shc-marca mt-2 mb-2\"><div class=\"card marca-card\" style=\"\"><div class=\"text-center card-img-brand-container\"><a href=\"https:\/\/mpi.com.es\/en\/brand\/psi-en\/\"><img decoding=\"async\" class=\"card-img-brand img\" src=\"https:\/\/mpi.com.es\/wp-content\/uploads\/2014\/10\/psi.jpg\" alt=\"PSI\"><\/a><\/div><p class=\"text-center\">PSI<\/p><\/div><\/div><div class=\"col-md-3 columns shc-marca mt-2 mb-2\"><div class=\"card marca-card\" style=\"\"><div class=\"text-center card-img-brand-container\"><a href=\"https:\/\/mpi.com.es\/en\/brand\/ricoh-en\/\"><img decoding=\"async\" class=\"card-img-brand img\" src=\"https:\/\/mpi.com.es\/wp-content\/uploads\/2014\/10\/ricoh-1.jpg\" alt=\"Ricoh\"><\/a><\/div><p class=\"text-center\">Ricoh<\/p><\/div><\/div><div class=\"col-md-3 columns shc-marca mt-2 mb-2\"><div class=\"card marca-card\" style=\"\"><div class=\"text-center card-img-brand-container\"><a href=\"https:\/\/mpi.com.es\/en\/brand\/rjs-en\/\"><img decoding=\"async\" class=\"card-img-brand img\" src=\"https:\/\/mpi.com.es\/wp-content\/uploads\/2014\/10\/RJS_logo_md.jpg\" alt=\"RJS\"><\/a><\/div><p class=\"text-center\">RJS<\/p><\/div><\/div><div class=\"col-md-3 columns shc-marca mt-2 mb-2\"><div class=\"card marca-card\" style=\"\"><div class=\"text-center card-img-brand-container\"><a href=\"https:\/\/mpi.com.es\/en\/brand\/sato-en\/\"><img decoding=\"async\" class=\"card-img-brand img\" src=\"https:\/\/mpi.com.es\/wp-content\/uploads\/2018\/10\/Sato-Logo-2-e1539885978748.png\" alt=\"Sato\"><\/a><\/div><p class=\"text-center\">Sato<\/p><\/div><\/div><div class=\"col-md-3 columns shc-marca mt-2 mb-2\"><div class=\"card marca-card\" style=\"\"><div class=\"text-center card-img-brand-container\"><a href=\"https:\/\/mpi.com.es\/en\/brand\/tally-en\/\"><img decoding=\"async\" class=\"card-img-brand img\" src=\"https:\/\/mpi.com.es\/wp-content\/uploads\/2017\/10\/Tally_Dascom-240x86.jpg\" alt=\"Tally\"><\/a><\/div><p class=\"text-center\">Tally<\/p><\/div><\/div><div class=\"col-md-3 columns shc-marca mt-2 mb-2\"><div class=\"card marca-card\" style=\"\"><div class=\"text-center card-img-brand-container\"><a href=\"https:\/\/mpi.com.es\/en\/brand\/tallygenicom-en\/\"><img decoding=\"async\" class=\"card-img-brand img\" src=\"https:\/\/mpi.com.es\/wp-content\/uploads\/2014\/03\/Tally-240x72.jpg\" alt=\"TallyGenicom\"><\/a><\/div><p class=\"text-center\">TallyGenicom<\/p><\/div><\/div><div class=\"col-md-3 columns shc-marca mt-2 mb-2\"><div class=\"card marca-card\" style=\"\"><div class=\"text-center card-img-brand-container\"><a href=\"https:\/\/mpi.com.es\/en\/brand\/toshiba-tec-en\/\"><img decoding=\"async\" class=\"card-img-brand img\" src=\"https:\/\/mpi.com.es\/wp-content\/uploads\/2019\/10\/logo-toshiba-tec.png\" alt=\"TOSHIBA TEC\"><\/a><\/div><p class=\"text-center\">TOSHIBA TEC<\/p><\/div><\/div><div class=\"col-md-3 columns shc-marca mt-2 mb-2\"><div class=\"card marca-card\" style=\"\"><div class=\"text-center card-img-brand-container\"><a href=\"https:\/\/mpi.com.es\/en\/brand\/tsc-en\/\"><img decoding=\"async\" class=\"card-img-brand img\" src=\"https:\/\/mpi.com.es\/wp-content\/uploads\/2016\/08\/TSC.jpg\" alt=\"TSC\"><\/a><\/div><p class=\"text-center\">TSC<\/p><\/div><\/div><div class=\"col-md-3 columns shc-marca mt-2 mb-2\"><div class=\"card marca-card\" style=\"\"><div class=\"text-center card-img-brand-container\"><a href=\"https:\/\/mpi.com.es\/en\/brand\/vipcolor-en\/\"><img decoding=\"async\" class=\"card-img-brand img\" src=\"https:\/\/mpi.com.es\/wp-content\/uploads\/2014\/03\/vip_logo.jpg\" alt=\"VIPColor\"><\/a><\/div><p class=\"text-center\">VIPColor<\/p><\/div><\/div><div class=\"col-md-3 columns shc-marca mt-2 mb-2\"><div class=\"card marca-card\" style=\"\"><div class=\"text-center card-img-brand-container\"><a href=\"https:\/\/mpi.com.es\/en\/brand\/wincor-nixdorf-en\/\"><img decoding=\"async\" class=\"card-img-brand img\" src=\"https:\/\/mpi.com.es\/wp-content\/uploads\/2017\/02\/log-nixdorf_4920.png\" alt=\"WINCOR NIXDORF\"><\/a><\/div><p class=\"text-center\">WINCOR NIXDORF<\/p><\/div><\/div><div class=\"col-md-3 columns shc-marca mt-2 mb-2\"><div class=\"card marca-card\" style=\"\"><div class=\"text-center card-img-brand-container\"><a href=\"https:\/\/mpi.com.es\/en\/brand\/xerox-en\/\"><img decoding=\"async\" class=\"card-img-brand img\" src=\"https:\/\/mpi.com.es\/wp-content\/uploads\/2017\/09\/logo-xerox-240x83.jpg\" alt=\"XEROX\"><\/a><\/div><p class=\"text-center\">XEROX<\/p><\/div><\/div><div class=\"col-md-3 columns shc-marca mt-2 mb-2\"><div class=\"card marca-card\" style=\"\"><div class=\"text-center card-img-brand-container\"><a href=\"https:\/\/mpi.com.es\/en\/brand\/zebra-en\/\"><img decoding=\"async\" class=\"card-img-brand img\" src=\"https:\/\/mpi.com.es\/wp-content\/uploads\/2018\/01\/ZEBRA-Business-Partner-240x161.png\" alt=\"Zebra\"><\/a><\/div><p class=\"text-center\">Zebra<\/p><\/div><\/div><\/div>\n","protected":false},"excerpt":{"rendered":"<p>PROFESSIONAL PRINTING SOLUTIONS We distribute first quality professional equipment;\u00a0We represent only the\u00a0leading brands\u00a0that during our long experience have shown us the best response to the needs of our customers.<\/p>\n","protected":false},"author":1,"featured_media":0,"parent":0,"menu_order":0,"comment_status":"open","ping_status":"open","template":"","meta":{"_acf_changed":false,"footnotes":""},"class_list":["post-4815","page","type-page","status-publish","hentry"],"acf":[],"yoast_head":"<!-- This site is optimized with the Yoast SEO Premium plugin v26.5 (Yoast SEO v27.4) - https:\/\/yoast.com\/product\/yoast-seo-premium-wordpress\/ -->\n<title>Our brands - MPI Mantenimiento Perif\u00e9ricos Inform\u00e1ticos<\/title>\n<meta name=\"robots\" content=\"noindex, follow\" \/>\n<meta property=\"og:locale\" content=\"en_US\" \/>\n<meta property=\"og:type\" content=\"article\" \/>\n<meta property=\"og:title\" content=\"Our brands\" \/>\n<meta property=\"og:description\" content=\"PROFESSIONAL PRINTING SOLUTIONS We distribute first quality professional equipment;\u00a0We represent only the\u00a0leading brands\u00a0that during our long experience have shown us the best response to the needs of our customers.\" \/>\n<meta property=\"og:url\" content=\"https:\/\/mpi.com.es\/en\/our-brands\/\" \/>\n<meta property=\"og:site_name\" content=\"MPI Mantenimiento Perif\u00e9ricos Inform\u00e1ticos\" \/>\n<meta property=\"article:publisher\" content=\"https:\/\/www.facebook.com\/p\/Mantenimiento-Perifricos-Informticos-100069020438303\" \/>\n<meta property=\"article:modified_time\" content=\"2019-07-27T18:36:02+00:00\" \/>\n<script type=\"application\/ld+json\" class=\"yoast-schema-graph\">{\"@context\":\"https:\\\/\\\/schema.org\",\"@graph\":[{\"@type\":\"WebPage\",\"@id\":\"https:\\\/\\\/mpi.com.es\\\/en\\\/our-brands\\\/\",\"url\":\"https:\\\/\\\/mpi.com.es\\\/en\\\/our-brands\\\/\",\"name\":\"Our brands - MPI Mantenimiento Perif\u00e9ricos Inform\u00e1ticos\",\"isPartOf\":{\"@id\":\"https:\\\/\\\/mpi.com.es\\\/en\\\/#website\"},\"datePublished\":\"2018-04-04T07:56:51+00:00\",\"dateModified\":\"2019-07-27T18:36:02+00:00\",\"breadcrumb\":{\"@id\":\"https:\\\/\\\/mpi.com.es\\\/en\\\/our-brands\\\/#breadcrumb\"},\"inLanguage\":\"en-US\",\"potentialAction\":[{\"@type\":\"ReadAction\",\"target\":[\"https:\\\/\\\/mpi.com.es\\\/en\\\/our-brands\\\/\"]}]},{\"@type\":\"BreadcrumbList\",\"@id\":\"https:\\\/\\\/mpi.com.es\\\/en\\\/our-brands\\\/#breadcrumb\",\"itemListElement\":[{\"@type\":\"ListItem\",\"position\":1,\"name\":\"Portada\",\"item\":\"https:\\\/\\\/mpi.com.es\\\/en\\\/\"},{\"@type\":\"ListItem\",\"position\":2,\"name\":\"Our brands\"}]},{\"@type\":\"WebSite\",\"@id\":\"https:\\\/\\\/mpi.com.es\\\/en\\\/#website\",\"url\":\"https:\\\/\\\/mpi.com.es\\\/en\\\/\",\"name\":\"MPI Mantenimiento Perif\u00e9ricos Inform\u00e1ticos\",\"description\":\"Impresoras Industriales, impresi\u00f3n,alto volumen, mantenimiento, mantenimiento impresoras\",\"publisher\":{\"@id\":\"https:\\\/\\\/mpi.com.es\\\/en\\\/#organization\"},\"potentialAction\":[{\"@type\":\"SearchAction\",\"target\":{\"@type\":\"EntryPoint\",\"urlTemplate\":\"https:\\\/\\\/mpi.com.es\\\/en\\\/?s={search_term_string}\"},\"query-input\":{\"@type\":\"PropertyValueSpecification\",\"valueRequired\":true,\"valueName\":\"search_term_string\"}}],\"inLanguage\":\"en-US\"},{\"@type\":\"Organization\",\"@id\":\"https:\\\/\\\/mpi.com.es\\\/en\\\/#organization\",\"name\":\"Mantenimiento Perif\u00e9ricos Inform\u00e1ticos\",\"url\":\"https:\\\/\\\/mpi.com.es\\\/en\\\/\",\"logo\":{\"@type\":\"ImageObject\",\"inLanguage\":\"en-US\",\"@id\":\"https:\\\/\\\/mpi.com.es\\\/en\\\/#\\\/schema\\\/logo\\\/image\\\/\",\"url\":\"https:\\\/\\\/mpi.com.es\\\/wp-content\\\/uploads\\\/2019\\\/07\\\/LOGONAMING-TRANSP.png\",\"contentUrl\":\"https:\\\/\\\/mpi.com.es\\\/wp-content\\\/uploads\\\/2019\\\/07\\\/LOGONAMING-TRANSP.png\",\"width\":1573,\"height\":431,\"caption\":\"Mantenimiento Perif\u00e9ricos Inform\u00e1ticos\"},\"image\":{\"@id\":\"https:\\\/\\\/mpi.com.es\\\/en\\\/#\\\/schema\\\/logo\\\/image\\\/\"},\"sameAs\":[\"https:\\\/\\\/www.facebook.com\\\/p\\\/Mantenimiento-Perifricos-Informticos-100069020438303\"]}]}<\/script>\n<!-- \/ Yoast SEO Premium plugin. -->","yoast_head_json":{"title":"Our brands - MPI Mantenimiento Perif\u00e9ricos Inform\u00e1ticos","robots":{"index":"noindex","follow":"follow"},"og_locale":"en_US","og_type":"article","og_title":"Our brands","og_description":"PROFESSIONAL PRINTING SOLUTIONS We distribute first quality professional equipment;\u00a0We represent only the\u00a0leading brands\u00a0that during our long experience have shown us the best response to the needs of our customers.","og_url":"https:\/\/mpi.com.es\/en\/our-brands\/","og_site_name":"MPI Mantenimiento Perif\u00e9ricos Inform\u00e1ticos","article_publisher":"https:\/\/www.facebook.com\/p\/Mantenimiento-Perifricos-Informticos-100069020438303","article_modified_time":"2019-07-27T18:36:02+00:00","schema":{"@context":"https:\/\/schema.org","@graph":[{"@type":"WebPage","@id":"https:\/\/mpi.com.es\/en\/our-brands\/","url":"https:\/\/mpi.com.es\/en\/our-brands\/","name":"Our brands - MPI Mantenimiento Perif\u00e9ricos Inform\u00e1ticos","isPartOf":{"@id":"https:\/\/mpi.com.es\/en\/#website"},"datePublished":"2018-04-04T07:56:51+00:00","dateModified":"2019-07-27T18:36:02+00:00","breadcrumb":{"@id":"https:\/\/mpi.com.es\/en\/our-brands\/#breadcrumb"},"inLanguage":"en-US","potentialAction":[{"@type":"ReadAction","target":["https:\/\/mpi.com.es\/en\/our-brands\/"]}]},{"@type":"BreadcrumbList","@id":"https:\/\/mpi.com.es\/en\/our-brands\/#breadcrumb","itemListElement":[{"@type":"ListItem","position":1,"name":"Portada","item":"https:\/\/mpi.com.es\/en\/"},{"@type":"ListItem","position":2,"name":"Our brands"}]},{"@type":"WebSite","@id":"https:\/\/mpi.com.es\/en\/#website","url":"https:\/\/mpi.com.es\/en\/","name":"MPI Mantenimiento Perif\u00e9ricos Inform\u00e1ticos","description":"Impresoras Industriales, impresi\u00f3n,alto volumen, mantenimiento, mantenimiento impresoras","publisher":{"@id":"https:\/\/mpi.com.es\/en\/#organization"},"potentialAction":[{"@type":"SearchAction","target":{"@type":"EntryPoint","urlTemplate":"https:\/\/mpi.com.es\/en\/?s={search_term_string}"},"query-input":{"@type":"PropertyValueSpecification","valueRequired":true,"valueName":"search_term_string"}}],"inLanguage":"en-US"},{"@type":"Organization","@id":"https:\/\/mpi.com.es\/en\/#organization","name":"Mantenimiento Perif\u00e9ricos Inform\u00e1ticos","url":"https:\/\/mpi.com.es\/en\/","logo":{"@type":"ImageObject","inLanguage":"en-US","@id":"https:\/\/mpi.com.es\/en\/#\/schema\/logo\/image\/","url":"https:\/\/mpi.com.es\/wp-content\/uploads\/2019\/07\/LOGONAMING-TRANSP.png","contentUrl":"https:\/\/mpi.com.es\/wp-content\/uploads\/2019\/07\/LOGONAMING-TRANSP.png","width":1573,"height":431,"caption":"Mantenimiento Perif\u00e9ricos Inform\u00e1ticos"},"image":{"@id":"https:\/\/mpi.com.es\/en\/#\/schema\/logo\/image\/"},"sameAs":["https:\/\/www.facebook.com\/p\/Mantenimiento-Perifricos-Informticos-100069020438303"]}]}},"_links":{"self":[{"href":"https:\/\/mpi.com.es\/en\/wp-json\/wp\/v2\/pages\/4815","targetHints":{"allow":["GET"]}}],"collection":[{"href":"https:\/\/mpi.com.es\/en\/wp-json\/wp\/v2\/pages"}],"about":[{"href":"https:\/\/mpi.com.es\/en\/wp-json\/wp\/v2\/types\/page"}],"author":[{"embeddable":true,"href":"https:\/\/mpi.com.es\/en\/wp-json\/wp\/v2\/users\/1"}],"replies":[{"embeddable":true,"href":"https:\/\/mpi.com.es\/en\/wp-json\/wp\/v2\/comments?post=4815"}],"version-history":[{"count":3,"href":"https:\/\/mpi.com.es\/en\/wp-json\/wp\/v2\/pages\/4815\/revisions"}],"predecessor-version":[{"id":13079,"href":"https:\/\/mpi.com.es\/en\/wp-json\/wp\/v2\/pages\/4815\/revisions\/13079"}],"wp:attachment":[{"href":"https:\/\/mpi.com.es\/en\/wp-json\/wp\/v2\/media?parent=4815"}],"curies":[{"name":"wp","href":"https:\/\/api.w.org\/{rel}","templated":true}]}}